{"id":12102,"date":"2023-09-08T06:31:49","date_gmt":"2023-09-08T06:31:49","guid":{"rendered":"https:\/\/terrasdomino.deputacionlugo.org\/planifica-a-tua-viaxe\/"},"modified":"2026-04-14T08:58:57","modified_gmt":"2026-04-14T08:58:57","slug":"plan-your-trip","status":"publish","type":"page","link":"https:\/\/terrasdomino.deputacionlugo.org\/en\/plan-your-trip\/","title":{"rendered":"Plan your trip"},"content":{"rendered":"[vc_row ct_row_stretch=&#8221;stretch_row&#8221; ct_bg_image=&#8221;10342&#8243; ct_bg_position=&#8221;center center&#8221; full_width=&#8221;stretch_row&#8221; use_row_as_full_screen_section=&#8221;no&#8221; type=&#8221;grid&#8221;][vc_column]<div class=\"ult-spacer spacer-69eefbe2b4492\" data-id=\"69eefbe2b4492\" data-height=\"49\" data-height-mobile=\"15\" data-height-tab=\"20\" data-height-tab-portrait=\"20\" data-height-mobile-landscape=\"15\" style=\"clear:both;display:block;\"><\/div><div id=\"ultimate-heading-931869eefbe2b44fc\" class=\"uvc-heading ult-adjust-bottom-margin ultimate-heading-931869eefbe2b44fc uvc-5950 \" data-hspacer=\"no_spacer\"  data-halign=\"center\" style=\"text-align:center\"><div class=\"uvc-heading-spacer no_spacer\" style=\"top\"><\/div><div class=\"uvc-main-heading ult-responsive\"  data-ultimate-target='.uvc-heading.ultimate-heading-931869eefbe2b44fc h2'  data-responsive-json-new='{\"font-size\":\"desktop:115px;tablet:45px;tablet_portrait:45px;mobile_landscape:35px;mobile:35px;\",\"line-height\":\"\"}' ><h2 style=\"font-weight:bold;color:#ffffff;\">TERRAS DO MI\u00d1O<\/h2><\/div><\/div><div id=\"ultimate-heading-275569eefbe2b455a\" class=\"uvc-heading ult-adjust-bottom-margin ultimate-heading-275569eefbe2b455a uvc-1290 \" data-hspacer=\"no_spacer\"  data-halign=\"left\" style=\"text-align:left\"><div class=\"uvc-heading-spacer no_spacer\" style=\"top\"><\/div><div class=\"uvc-sub-heading ult-responsive\"  data-ultimate-target='.uvc-heading.ultimate-heading-275569eefbe2b455a .uvc-sub-heading '  data-responsive-json-new='{\"font-size\":\"desktop:35px;tablet:35px;tablet_portrait:35px;mobile_landscape:15px;mobile:15px;\",\"line-height\":\"\"}'  style=\"font-family:&#039;Open Sans&#039;;font-weight:600;color:#ffffff;\">\n<p style=\"text-align: center;\">BIOSPHERE RESERVE<\/p>\n<\/div><\/div><div class=\"ult-spacer spacer-69eefbe2b459d\" data-id=\"69eefbe2b459d\" data-height=\"110\" data-height-mobile=\"55\" data-height-tab=\"\" data-height-tab-portrait=\"\" data-height-mobile-landscape=\"55\" style=\"clear:both;display:block;\"><\/div>[\/vc_column][\/vc_row][vc_row ct_row_stretch=&#8221;&#8221; use_row_as_full_screen_section=&#8221;no&#8221; type=&#8221;grid&#8221;][vc_column]<div class=\"ult-spacer spacer-69eefbe2b45c2\" data-id=\"69eefbe2b45c2\" data-height=\"95\" data-height-mobile=\"45\" data-height-tab=\"\" data-height-tab-portrait=\"\" data-height-mobile-landscape=\"45\" style=\"clear:both;display:block;\"><\/div>[\/vc_column][\/vc_row][vc_row ct_row_stretch=&#8221;&#8221;][vc_column][vc_row_inner][vc_column_inner]<div id=\"ultimate-heading-67369eefbe2b4601\" class=\"uvc-heading ult-adjust-bottom-margin ultimate-heading-67369eefbe2b4601 uvc-7331 \" data-hspacer=\"line_only\"  data-halign=\"center\" style=\"text-align:center\"><div class=\"uvc-main-heading ult-responsive\"  data-ultimate-target='.uvc-heading.ultimate-heading-67369eefbe2b4601 h2'  data-responsive-json-new='{\"font-size\":\"desktop:35px;\",\"line-height\":\"desktop:66px;\"}' ><h2 style=\"font-family:&#039;Montserrat&#039;;font-weight:700;color:#232829;\">INVENTRIP<\/h2><\/div><div class=\"uvc-heading-spacer line_only\" style=\"topheight:4px;\"><span class=\"uvc-headings-line\" style=\"border-style:solid;border-bottom-width:4px;border-color:#0069ab;width:50px;\"><\/span><\/div><div class=\"uvc-sub-heading ult-responsive\"  data-ultimate-target='.uvc-heading.ultimate-heading-67369eefbe2b4601 .uvc-sub-heading '  data-responsive-json-new='{\"font-size\":\"desktop:18px;\",\"line-height\":\"desktop:30px;\"}'  style=\"font-family:&#039;Open Sans&#039;;font-weight:normal;color:#686868;\">\n<p style=\"text-align: center;\">Click on the image and design your trip through the Terras do Mi\u00f1o Biosphere Reserve<\/p>\n<\/div><\/div><div class=\"ult-spacer spacer-69eefbe2b463f\" data-id=\"69eefbe2b463f\" data-height=\"60\" data-height-mobile=\"40\" data-height-tab=\"60\" data-height-tab-portrait=\"60\" data-height-mobile-landscape=\"40\" style=\"clear:both;display:block;\"><\/div>[vc_single_image image=&#8221;10485&#8243; img_size=&#8221;full&#8221; alignment=&#8221;center&#8221; onclick=&#8221;custom_link&#8221; img_link_target=&#8221;_blank&#8221; link=&#8221;https:\/\/inventrip.com\/deputaciondelugo\/&#8221;][\/vc_column_inner][\/vc_row_inner][\/vc_column][\/vc_row][vc_row ct_row_stretch=&#8221;&#8221;][vc_column]<div class=\"ult-spacer spacer-69eefbe2b4672\" data-id=\"69eefbe2b4672\" data-height=\"120\" data-height-mobile=\"60\" data-height-tab=\"100\" data-height-tab-portrait=\"100\" data-height-mobile-landscape=\"60\" style=\"clear:both;display:block;\"><\/div>[\/vc_column][\/vc_row][vc_row ct_row_stretch=&#8221;stretch_row_content_no_spaces&#8221; gap=&#8221;30&#8243; content_placement=&#8221;middle&#8221; ct_bg_color=&#8221;#f8f7f5&#8243;][vc_column][vc_row_inner][vc_column_inner]<div class=\"ult-spacer spacer-69eefbe2b469b\" data-id=\"69eefbe2b469b\" data-height=\"120\" data-height-mobile=\"60\" data-height-tab=\"100\" data-height-tab-portrait=\"100\" data-height-mobile-landscape=\"60\" style=\"clear:both;display:block;\"><\/div><div id=\"ultimate-heading-484469eefbe2b46c9\" class=\"uvc-heading ult-adjust-bottom-margin ultimate-heading-484469eefbe2b46c9 uvc-6883 \" data-hspacer=\"line_only\"  data-halign=\"center\" style=\"text-align:center\"><div class=\"uvc-main-heading ult-responsive\"  data-ultimate-target='.uvc-heading.ultimate-heading-484469eefbe2b46c9 h2'  data-responsive-json-new='{\"font-size\":\"desktop:36px;\",\"line-height\":\"desktop:66px;\"}' ><h2 style=\"font-family:&#039;Montserrat&#039;;font-weight:700;color:#232829;\">GUIDES TO THE MUNICIPALITIES OF THE BIOSPHERE RESERVE<\/h2><\/div><div class=\"uvc-heading-spacer line_only\" style=\"topheight:4px;\"><span class=\"uvc-headings-line\" style=\"border-style:solid;border-bottom-width:4px;border-color:#0069ab;width:50px;\"><\/span><\/div><div class=\"uvc-sub-heading ult-responsive\"  data-ultimate-target='.uvc-heading.ultimate-heading-484469eefbe2b46c9 .uvc-sub-heading '  data-responsive-json-new='{\"font-size\":\"desktop:18px;\",\"line-height\":\"desktop:30px;\"}'  style=\"font-family:&#039;Open Sans&#039;;font-weight:normal;color:#686868;\">\n<p style=\"text-align: center;\">Download on your electronic device the guides for each of the municipalities of the Reserve prepared by the Tourism Service of the Provincial Council of Lugo<br \/>\n(click on each municipality in the image)<\/p>\n<\/div><\/div>[\/vc_column_inner][\/vc_row_inner][vc_row_inner][vc_column_inner]<div class=\"ult-spacer spacer-69eefbe2b4701\" data-id=\"69eefbe2b4701\" data-height=\"120\" data-height-mobile=\"60\" data-height-tab=\"100\" data-height-tab-portrait=\"100\" data-height-mobile-landscape=\"60\" style=\"clear:both;display:block;\"><\/div>[\/vc_column_inner][\/vc_row_inner][vc_row_inner][vc_column_inner width=&#8221;1\/3&#8243;][\/vc_column_inner][vc_column_inner width=&#8221;1\/3&#8243;][vc_raw_html]JTNDZGl2JTIwY2xhc3MlM0QlMjJjb250YWluZXIlMjIlM0UlMEElM0NkaXYlMjBjbGFzcyUzRCUyMnJvdyUyMiUzRSUwQSUzQ2RpdiUyMGNsYXNzJTNEJTIyY29sLTElMjIlMjBhbGlnbiUzRCUyMmNlbnRlciUyMiUzRSUzQyUyRmRpdiUzRSUwQSUzQ2RpdiUyMGNsYXNzJTNEJTIyY29sLTEwJTIyJTIwYWxpZ24lM0QlMjJjZW50ZXIlMjIlM0UlMEElNUJ2aXNpb24lMjBpZCUzRCUyMjElMjIlNUQlM0MlMkZkaXYlM0UlMEElM0NkaXYlMjBjbGFzcyUzRCUyMmNvbC0xJTIyJTIwYWxpZ24lM0QlMjJjZW50ZXIlMjIlM0UlM0MlMkZkaXYlM0UlMEElM0MlMkZkaXYlM0UlMEElM0MlMkZkaXYlM0U=[\/vc_raw_html]<div class=\"ult-spacer spacer-69eefbe2b471e\" data-id=\"69eefbe2b471e\" data-height=\"\" data-height-mobile=\"\" data-height-tab=\"\" data-height-tab-portrait=\"\" data-height-mobile-landscape=\"\" style=\"clear:both;display:block;\"><\/div>[vc_column_text]\n<p style=\"text-align: center;\"><em>Map of the province of Lugo<\/em><\/p>\n[\/vc_column_text][\/vc_column_inner][vc_column_inner width=&#8221;1\/3&#8243;][\/vc_column_inner][\/vc_row_inner][vc_row_inner][vc_column_inner]<div class=\"ult-spacer spacer-69eefbe2b473b\" data-id=\"69eefbe2b473b\" data-height=\"60\" data-height-mobile=\"40\" data-height-tab=\"60\" data-height-tab-portrait=\"60\" data-height-mobile-landscape=\"40\" style=\"clear:both;display:block;\"><\/div>[\/vc_column_inner][\/vc_row_inner][\/vc_column][\/vc_row][vc_row ct_row_stretch=&#8221;&#8221;][vc_column]<div class=\"ult-spacer spacer-69eefbe2b4757\" data-id=\"69eefbe2b4757\" data-height=\"120\" data-height-mobile=\"60\" data-height-tab=\"100\" data-height-tab-portrait=\"100\" data-height-mobile-landscape=\"60\" style=\"clear:both;display:block;\"><\/div>[\/vc_column][\/vc_row][vc_row ct_row_stretch=&#8221;&#8221;][vc_column][vc_row_inner][vc_column_inner]<div id=\"ultimate-heading-281869eefbe2b4782\" class=\"uvc-heading ult-adjust-bottom-margin ultimate-heading-281869eefbe2b4782 uvc-436 \" data-hspacer=\"line_only\"  data-halign=\"center\" style=\"text-align:center\"><div class=\"uvc-main-heading ult-responsive\"  data-ultimate-target='.uvc-heading.ultimate-heading-281869eefbe2b4782 h2'  data-responsive-json-new='{\"font-size\":\"desktop:35px;\",\"line-height\":\"desktop:66px;\"}' ><h2 style=\"font-family:&#039;Montserrat&#039;;font-weight:700;color:#232829;\">2-DAY ROUTES THROUGH THE BIOSPHERE RESERVE<\/h2><\/div><div class=\"uvc-heading-spacer line_only\" style=\"topheight:4px;\"><span class=\"uvc-headings-line\" style=\"border-style:solid;border-bottom-width:4px;border-color:#0069ab;width:50px;\"><\/span><\/div><div class=\"uvc-sub-heading ult-responsive\"  data-ultimate-target='.uvc-heading.ultimate-heading-281869eefbe2b4782 .uvc-sub-heading '  data-responsive-json-new='{\"font-size\":\"desktop:18px;\",\"line-height\":\"desktop:30px;\"}'  style=\"font-family:&#039;Open Sans&#039;;font-weight:normal;color:#686868;\">\n<p style=\"text-align: center;\">Discover the most spectacular places in the Terras do Mi\u00f1o Biosphere Reserve on short two-day routes<\/p>\n<\/div><\/div><div class=\"ult-spacer spacer-69eefbe2b47b8\" data-id=\"69eefbe2b47b8\" data-height=\"60\" data-height-mobile=\"40\" data-height-tab=\"60\" data-height-tab-portrait=\"60\" data-height-mobile-landscape=\"40\" style=\"clear:both;display:block;\"><\/div><span id=\"creative-link-wrap-1192\" class=\"ult_main_cl ult-adjust-bottom-margin  \" >\r\n\t \t\t\t<span class=\"ult_cl_link_1  ult_crlink\" >\r\n\t\t\t\t\t<a  data-ultimate-target='#creative-link-wrap-1192 .ult_colorlink'  data-responsive-json-new='{\"font-size\":\"desktop:18px;\",\"line-height\":\"desktop:22px;\"}'  href=\"https:\/\/inventrip.com\/deputaciondelugo\/trip\/3691\" target=\"_blank\" rel=\"noopener\"  class=\"ult_colorlink ult-responsive \" style=\"font-family:Open Sans;font-weight:600;color:#0069ab; \"  data-textcolor=\"#0069ab\" data-texthover=\"#333333\"data-style=\"Style_1\">\r\n\t\t\t\t\t\t\r\n\t\t\t\t\t\t<span data-hover=\"Nature and culture in Terras do Mi\u00f1o\" style=\"color:#0069ab;;;\" class=\"ult_btn10_span   \">Nature and culture in Terras do Mi\u00f1o<\/span>\r\n\t\t\t\t\t\t\r\n\t\t\t\t\t<\/a>\r\n\t\t\t\t<\/span>\r\n\t\t\t<\/span><span id=\"creative-link-wrap-5013\" class=\"ult_main_cl ult-adjust-bottom-margin  \" >\r\n\t \t\t\t<span class=\"ult_cl_link_1  ult_crlink\" >\r\n\t\t\t\t\t<a  data-ultimate-target='#creative-link-wrap-5013 .ult_colorlink'  data-responsive-json-new='{\"font-size\":\"desktop:18px;\",\"line-height\":\"desktop:22px;\"}'  href=\"https:\/\/inventrip.com\/deputaciondelugo\/trip\/3692\" target=\"_blank\" rel=\"noopener\"  class=\"ult_colorlink ult-responsive \" style=\"font-family:Open Sans;font-weight:600;color:#0069ab; \"  data-textcolor=\"#0069ab\" data-texthover=\"#333333\"data-style=\"Style_1\">\r\n\t\t\t\t\t\t\r\n\t\t\t\t\t\t<span data-hover=\"Hiking and archeology in Terras do Mi\u00f1o\" style=\"color:#0069ab;;;\" class=\"ult_btn10_span   \">Hiking and archeology in Terras do Mi\u00f1o<\/span>\r\n\t\t\t\t\t\t\r\n\t\t\t\t\t<\/a>\r\n\t\t\t\t<\/span>\r\n\t\t\t<\/span><span id=\"creative-link-wrap-5692\" class=\"ult_main_cl ult-adjust-bottom-margin  \" >\r\n\t \t\t\t<span class=\"ult_cl_link_1  ult_crlink\" >\r\n\t\t\t\t\t<a  data-ultimate-target='#creative-link-wrap-5692 .ult_colorlink'  data-responsive-json-new='{\"font-size\":\"desktop:18px;\",\"line-height\":\"desktop:22px;\"}'  href=\"https:\/\/inventrip.com\/deputaciondelugo\/trip\/3856\" target=\"_blank\" rel=\"noopener\"  class=\"ult_colorlink ult-responsive \" style=\"font-family:Open Sans;font-weight:600;color:#0069ab; \"  data-textcolor=\"#0069ab\" data-texthover=\"#333333\"data-style=\"Style_1\">\r\n\t\t\t\t\t\t\r\n\t\t\t\t\t\t<span data-hover=\"Innovation and tradition in Terra Ch\u00e1 - Terras do Mi\u00f1o\" style=\"color:#0069ab;;;\" class=\"ult_btn10_span   \">Innovation and tradition in Terra Ch\u00e1 - Terras do Mi\u00f1o<\/span>\r\n\t\t\t\t\t\t\r\n\t\t\t\t\t<\/a>\r\n\t\t\t\t<\/span>\r\n\t\t\t<\/span><span id=\"creative-link-wrap-2252\" class=\"ult_main_cl ult-adjust-bottom-margin  \" >\r\n\t \t\t\t<span class=\"ult_cl_link_1  ult_crlink\" >\r\n\t\t\t\t\t<a  data-ultimate-target='#creative-link-wrap-2252 .ult_colorlink'  data-responsive-json-new='{\"font-size\":\"desktop:18px;\",\"line-height\":\"desktop:22px;\"}'  href=\"https:\/\/inventrip.com\/deputaciondelugo\/trip\/4320\" target=\"_blank\" rel=\"noopener\"  class=\"ult_colorlink ult-responsive \" style=\"font-family:Open Sans;font-weight:600;color:#0069ab; \"  data-textcolor=\"#0069ab\" data-texthover=\"#333333\"data-style=\"Style_1\">\r\n\t\t\t\t\t\t\r\n\t\t\t\t\t\t<span data-hover=\"Etnograf\u00eda e natureza na Terra Ch\u00e1 - Terras do Mi\u00f1o\" style=\"color:#0069ab;;;\" class=\"ult_btn10_span   \">Etnograf\u00eda e natureza na Terra Ch\u00e1 - Terras do Mi\u00f1o<\/span>\r\n\t\t\t\t\t\t\r\n\t\t\t\t\t<\/a>\r\n\t\t\t\t<\/span>\r\n\t\t\t<\/span><span id=\"creative-link-wrap-2089\" class=\"ult_main_cl ult-adjust-bottom-margin  \" >\r\n\t \t\t\t<span class=\"ult_cl_link_1  ult_crlink\" >\r\n\t\t\t\t\t<a  data-ultimate-target='#creative-link-wrap-2089 .ult_colorlink'  data-responsive-json-new='{\"font-size\":\"desktop:18px;\",\"line-height\":\"desktop:22px;\"}'  href=\"https:\/\/inventrip.com\/deputaciondelugo\/trip\/3859\" target=\"_blank\" rel=\"noopener\"  class=\"ult_colorlink ult-responsive \" style=\"font-family:Open Sans;font-weight:600;color:#0069ab; \"  data-textcolor=\"#0069ab\" data-texthover=\"#333333\"data-style=\"Style_1\">\r\n\t\t\t\t\t\t\r\n\t\t\t\t\t\t<span data-hover=\"A walk through the history of Terras do Mi\u00f1o\" style=\"color:#0069ab;;;\" class=\"ult_btn10_span   \">A walk through the history of Terras do Mi\u00f1o<\/span>\r\n\t\t\t\t\t\t\r\n\t\t\t\t\t<\/a>\r\n\t\t\t\t<\/span>\r\n\t\t\t<\/span><span id=\"creative-link-wrap-2056\" class=\"ult_main_cl ult-adjust-bottom-margin  \" >\r\n\t \t\t\t<span class=\"ult_cl_link_1  ult_crlink\" >\r\n\t\t\t\t\t<a  data-ultimate-target='#creative-link-wrap-2056 .ult_colorlink'  data-responsive-json-new='{\"font-size\":\"desktop:18px;\",\"line-height\":\"desktop:22px;\"}'  href=\"https:\/\/inventrip.com\/deputaciondelugo\/trip\/3823\" target=\"_blank\" rel=\"noopener\"  class=\"ult_colorlink ult-responsive \" style=\"font-family:Open Sans;font-weight:600;color:#0069ab; \"  data-textcolor=\"#0069ab\" data-texthover=\"#333333\"data-style=\"Style_1\">\r\n\t\t\t\t\t\t\r\n\t\t\t\t\t\t<span data-hover=\"Roman Lugo\" style=\"color:#0069ab;;;\" class=\"ult_btn10_span   \">Roman Lugo<\/span>\r\n\t\t\t\t\t\t\r\n\t\t\t\t\t<\/a>\r\n\t\t\t\t<\/span>\r\n\t\t\t<\/span>[\/vc_column_inner][\/vc_row_inner][\/vc_column][\/vc_row][vc_row ct_row_stretch=&#8221;&#8221;][vc_column]<div class=\"ult-spacer spacer-69eefbe2b4952\" data-id=\"69eefbe2b4952\" data-height=\"120\" data-height-mobile=\"60\" data-height-tab=\"100\" data-height-tab-portrait=\"100\" data-height-mobile-landscape=\"60\" style=\"clear:both;display:block;\"><\/div>[\/vc_column][\/vc_row][vc_row ct_row_stretch=&#8221;&#8221;][vc_column width=&#8221;1\/6&#8243;][vc_single_image image=&#8221;10447&#8243; img_size=&#8221;full&#8221;][\/vc_column][vc_column width=&#8221;1\/6&#8243;][vc_single_image image=&#8221;9594&#8243; img_size=&#8221;full&#8221;][\/vc_column][vc_column width=&#8221;1\/6&#8243;][vc_single_image image=&#8221;10451&#8243; img_size=&#8221;full&#8221;][\/vc_column][vc_column width=&#8221;1\/6&#8243;][vc_single_image image=&#8221;10457&#8243; img_size=&#8221;full&#8221;][\/vc_column][vc_column width=&#8221;1\/6&#8243;][vc_single_image image=&#8221;10461&#8243; img_size=&#8221;full&#8221;][\/vc_column][vc_column width=&#8221;1\/6&#8243;][vc_single_image image=&#8221;14042&#8243; img_size=&#8221;full&#8221;][\/vc_column][\/vc_row][vc_row ct_row_stretch=&#8221;&#8221;][vc_column]<div class=\"ult-spacer spacer-69eefbe2b496e\" data-id=\"69eefbe2b496e\" data-height=\"60\" data-height-mobile=\"20\" data-height-tab=\"40\" data-height-tab-portrait=\"40\" data-height-mobile-landscape=\"20\" style=\"clear:both;display:block;\"><\/div>[\/vc_column][\/vc_row][vc_row ct_row_stretch=&#8221;&#8221;][vc_column][vc_column_text]\n<p style=\"text-align: center;\"><em><span style=\"font-size: 10.0pt; font-family: 'Verdana','sans-serif';\">This work was fully financed by the Next Generation funds of the European Union through the subsidy called by the Xunta de Galicia \u201cAid for actions by the management bodies of the biosphere reserves of Galicia under the Recovery Plan , Transformation and Resilience, financed by the European Union-NextGenerationEU, for the years 2022 and 2023.\u201d However, the views and opinions expressed are solely those of the author(s) and do not necessarily reflect those of the European Union or the European Commission. Neither the European Union nor the European Commission is responsible for them.<\/span><\/em><\/p>\n[\/vc_column_text][\/vc_column][\/vc_row][vc_row ct_row_stretch=&#8221;&#8221;][vc_column]<div class=\"ult-spacer spacer-69eefbe2b4988\" data-id=\"69eefbe2b4988\" data-height=\"60\" data-height-mobile=\"20\" data-height-tab=\"40\" data-height-tab-portrait=\"40\" data-height-mobile-landscape=\"20\" style=\"clear:both;display:block;\"><\/div>[\/vc_column][\/vc_row]\n","protected":false},"excerpt":{"rendered":"<p>[vc_row ct_row_stretch=&#8221;stretch_row&#8221; ct_bg_image=&#8221;10342&#8243; ct_bg_position=&#8221;center center&#8221; full_width=&#8221;stretch_row&#8221; use_row_as_full_screen_section=&#8221;no&#8221; type=&#8221;grid&#8221;][vc_column][\/vc_column][\/vc_row][vc_row ct_row_stretch=&#8221;&#8221; use_row_as_full_screen_section=&#8221;no&#8221; type=&#8221;grid&#8221;][vc_column][\/vc_column][\/vc_row][vc_row ct_row_stretch=&#8221;&#8221;][vc_column][vc_row_inner][vc_column_inner][vc_single_image image=&#8221;10485&#8243; img_size=&#8221;full&#8221; alignment=&#8221;center&#8221; onclick=&#8221;custom_link&#8221; img_link_target=&#8221;_blank&#8221; link=&#8221;https:\/\/inventrip.com\/deputaciondelugo\/&#8221;][\/vc_column_inner][\/vc_row_inner][\/vc_column][\/vc_row][vc_row ct_row_stretch=&#8221;&#8221;][vc_column][\/vc_column][\/vc_row][vc_row ct_row_stretch=&#8221;stretch_row_content_no_spaces&#8221; gap=&#8221;30&#8243; content_placement=&#8221;middle&#8221; ct_bg_color=&#8221;#f8f7f5&#8243;][vc_column][vc_row_inner][vc_column_inner][\/vc_column_inner][\/vc_row_inner][vc_row_inner][vc_column_inner][\/vc_column_inner][\/vc_row_inner][vc_row_inner][vc_column_inner width=&#8221;1\/3&#8243;][\/vc_column_inner][vc_column_inner width=&#8221;1\/3&#8243;][vc_raw_html]JTNDZGl2JTIwY2xhc3MlM0QlMjJjb250YWluZXIlMjIlM0UlMEElM0NkaXYlMjBjbGFzcyUzRCUyMnJvdyUyMiUzRSUwQSUzQ2RpdiUyMGNsYXNzJTNEJTIyY29sLTElMjIlMjBhbGlnbiUzRCUyMmNlbnRlciUyMiUzRSUzQyUyRmRpdiUzRSUwQSUzQ2RpdiUyMGNsYXNzJTNEJTIyY29sLTEwJTIyJTIwYWxpZ24lM0QlMjJjZW50ZXIlMjIlM0UlMEElNUJ2aXNpb24lMjBpZCUzRCUyMjElMjIlNUQlM0MlMkZkaXYlM0UlMEElM0NkaXYlMjBjbGFzcyUzRCUyMmNvbC0xJTIyJTIwYWxpZ24lM0QlMjJjZW50ZXIlMjIlM0UlM0MlMkZkaXYlM0UlMEElM0MlMkZkaXYlM0UlMEElM0MlMkZkaXYlM0U=[\/vc_raw_html][vc_column_text] Map of the province of Lugo [\/vc_column_text][\/vc_column_inner][vc_column_inner width=&#8221;1\/3&#8243;][\/vc_column_inner][\/vc_row_inner][vc_row_inner][vc_column_inner][\/vc_column_inner][\/vc_row_inner][\/vc_column][\/vc_row][vc_row ct_row_stretch=&#8221;&#8221;][vc_column][\/vc_column][\/vc_row][vc_row ct_row_stretch=&#8221;&#8221;][vc_column][vc_row_inner][vc_column_inner][\/vc_column_inner][\/vc_row_inner][\/vc_column][\/vc_row][vc_row ct_row_stretch=&#8221;&#8221;][vc_column][\/vc_column][\/vc_row][vc_row ct_row_stretch=&#8221;&#8221;][vc_column width=&#8221;1\/6&#8243;][vc_single_image image=&#8221;10447&#8243; img_size=&#8221;full&#8221;][\/vc_column][vc_column width=&#8221;1\/6&#8243;][vc_single_image image=&#8221;9594&#8243; img_size=&#8221;full&#8221;][\/vc_column][vc_column width=&#8221;1\/6&#8243;][vc_single_image image=&#8221;10451&#8243; img_size=&#8221;full&#8221;][\/vc_column][vc_column width=&#8221;1\/6&#8243;][vc_single_image image=&#8221;10457&#8243; img_size=&#8221;full&#8221;][\/vc_column][vc_column width=&#8221;1\/6&#8243;][vc_single_image image=&#8221;10461&#8243; img_size=&#8221;full&#8221;][\/vc_column][vc_column width=&#8221;1\/6&#8243;][vc_single_image image=&#8221;14042&#8243; img_size=&#8221;full&#8221;][\/vc_column][\/vc_row][vc_row &#8230;<\/p>\n","protected":false},"author":2,"featured_media":0,"parent":0,"menu_order":0,"comment_status":"closed","ping_status":"closed","template":"","meta":{"_eb_attr":"","footnotes":""},"class_list":["post-12102","page","type-page","status-publish","hentry"],"_links":{"self":[{"href":"https:\/\/terrasdomino.deputacionlugo.org\/en\/wp-json\/wp\/v2\/pages\/12102","targetHints":{"allow":["GET"]}}],"collection":[{"href":"https:\/\/terrasdomino.deputacionlugo.org\/en\/wp-json\/wp\/v2\/pages"}],"about":[{"href":"https:\/\/terrasdomino.deputacionlugo.org\/en\/wp-json\/wp\/v2\/types\/page"}],"author":[{"embeddable":true,"href":"https:\/\/terrasdomino.deputacionlugo.org\/en\/wp-json\/wp\/v2\/users\/2"}],"replies":[{"embeddable":true,"href":"https:\/\/terrasdomino.deputacionlugo.org\/en\/wp-json\/wp\/v2\/comments?post=12102"}],"version-history":[{"count":4,"href":"https:\/\/terrasdomino.deputacionlugo.org\/en\/wp-json\/wp\/v2\/pages\/12102\/revisions"}],"predecessor-version":[{"id":14083,"href":"https:\/\/terrasdomino.deputacionlugo.org\/en\/wp-json\/wp\/v2\/pages\/12102\/revisions\/14083"}],"wp:attachment":[{"href":"https:\/\/terrasdomino.deputacionlugo.org\/en\/wp-json\/wp\/v2\/media?parent=12102"}],"curies":[{"name":"wp","href":"https:\/\/api.w.org\/{rel}","templated":true}]}}