{"id":12130,"date":"2023-06-21T10:22:39","date_gmt":"2023-06-21T10:22:39","guid":{"rendered":"https:\/\/terrasdomino.deputacionlugo.org\/aviso-legal\/"},"modified":"2023-09-25T16:11:55","modified_gmt":"2023-09-25T16:11:55","slug":"aviso-legal","status":"publish","type":"page","link":"https:\/\/terrasdomino.deputacionlugo.org\/en\/aviso-legal\/","title":{"rendered":"Aviso legal"},"content":{"rendered":"\r\n<h2 class=\"wp-block-heading\">AVISO LEGAL<\/h2>\r\n<p>El titular de este portal es la Diputaci\u00f3n de Lugo, con NIF P-2700000-I, domicilio en R\u00faa San Marcos, 8, 27001 Lugo, y tel\u00e9fono 982 26 00 00.<\/p>\r\n<p><strong>Propiedad intelectual e industrial<\/strong><br \/>El dise\u00f1o del portal y sus c\u00f3digos fuente, as\u00ed como los logos, marcas y dem\u00e1s signos distintivos que aparecen en el mismo pertenecen a la Diputaci\u00f3n de Lugo y est\u00e1n protegidos por los correspondientes derechos de propiedad intelectual e industrial.<\/p>\r\n<p><strong>Responsabilidad de los contenidos<\/strong><br \/>La Diputaci\u00f3n de Lugo no se hace responsable de la legalidad de otros sitios web de terceros desde los que pueda accederse al portal. La Diputaci\u00f3n de Lugo tampoco responde por la legalidad de otros sitios web de terceros, que pudieran estar vinculados o enlazados desde este portal.<br \/>La Diputaci\u00f3n de Lugo se reserva el derecho a realizar cambios en el sitio web sin previo aviso, al objeto de mantener actualizada su informaci\u00f3n, a\u00f1adiendo, modificando, corrigiendo o eliminando\u00a0 los contenidos publicados o el dise\u00f1o del portal.<br \/>La Diputaci\u00f3n de Lugo no ser\u00e1 responsable del uso que terceros hagan de la informaci\u00f3n publicada en el portal, ni tampoco de los da\u00f1os sufridos o p\u00e9rdidas econ\u00f3micas que, de forma directa o indirecta, produzcan o puedan producir perjuicios econ\u00f3micos, materiales o sobre datos, provocados por el uso de dicha informaci\u00f3n.<\/p>\r\n<p><strong>Reproducci\u00f3n de contenidos<\/strong><br \/>Se proh\u00edbe la reproducci\u00f3n total o parcial de los contenidos publicados en el portal. No obstante, los contenidos que sean considerados como datos abiertos en la Sede Electr\u00f3nica, publicados seg\u00fan lo previsto en el Real Decreto 1495\/2011, de 24 de octubre, de desarrollo de la Ley 37\/2007, sobre reutilizaci\u00f3n de la informaci\u00f3n del sector p\u00fablico, para el \u00e1mbito del sector p\u00fablico estatal, podr\u00e1n ser objeto de reproducci\u00f3n en los t\u00e9rminos previstos por la legislaci\u00f3n y normativa aplicable.<\/p>\r\n<p><strong>Sede Electr\u00f3nica<\/strong><br \/>De acuerdo con lo establecido por el art\u00edculo 7 del Real Decreto 1671\/2009, de 6 de noviembre, por el que se desarrolla parcialmente la Ley 11\/2007, de 22 de junio, de acceso electr\u00f3nico de los ciudadanos a los servicios p\u00fablicos, la Diputaci\u00f3n de Lugo se responsabiliza de la integridad, veracidad y actualizaci\u00f3n de la informaci\u00f3n y los servicios a los que pueda accederse a trav\u00e9s de su Sede Electr\u00f3nica (https:\/\/sede.deputacionlugo.org).<\/p>\r\n<p><strong>Portal de transparencia<\/strong><br \/>A trav\u00e9s de la informaci\u00f3n publicada en el portal de transparencia, la Diputaci\u00f3n de Lugo atiende de forma peri\u00f3dica y actualizada el principio de publicidad activa establecido por la Ley 19\/2013, de 9 de diciembre, de transparencia, acceso a la informaci\u00f3n p\u00fablica y buen gobierno, con los mecanismos adecuados para facilitar la accesibilidad, la interoperabilidad, la calidad y la reutilizaci\u00f3n de la informaci\u00f3n, as\u00ed como su identificaci\u00f3n y localizaci\u00f3n.<\/p>\r\n<p><strong>Ley aplicable<\/strong><br \/>La ley aplicable en caso de disputa o conflicto de interpretaci\u00f3n de los t\u00e9rminos que conforman este aviso legal, as\u00ed como cualquier cuesti\u00f3n relacionada con los servicios del presente portal, ser\u00e1 la ley espa\u00f1ola.<\/p>\r\n","protected":false},"excerpt":{"rendered":"<p>AVISO LEGAL El titular de este portal es la Diputaci\u00f3n de Lugo, con NIF P-2700000-I, domicilio en R\u00faa San Marcos, 8, 27001 Lugo, y tel\u00e9fono 982 26 00 00. Propiedad intelectual e industrialEl dise\u00f1o del portal y sus c\u00f3digos fuente, as\u00ed como los logos, marcas y dem\u00e1s signos distintivos que aparecen en el mismo pertenecen &#8230;<\/p>\n","protected":false},"author":2,"featured_media":0,"parent":0,"menu_order":0,"comment_status":"closed","ping_status":"open","template":"","meta":{"_eb_attr":"","footnotes":""},"class_list":["post-12130","page","type-page","status-publish","hentry"],"_links":{"self":[{"href":"https:\/\/terrasdomino.deputacionlugo.org\/en\/wp-json\/wp\/v2\/pages\/12130","targetHints":{"allow":["GET"]}}],"collection":[{"href":"https:\/\/terrasdomino.deputacionlugo.org\/en\/wp-json\/wp\/v2\/pages"}],"about":[{"href":"https:\/\/terrasdomino.deputacionlugo.org\/en\/wp-json\/wp\/v2\/types\/page"}],"author":[{"embeddable":true,"href":"https:\/\/terrasdomino.deputacionlugo.org\/en\/wp-json\/wp\/v2\/users\/2"}],"replies":[{"embeddable":true,"href":"https:\/\/terrasdomino.deputacionlugo.org\/en\/wp-json\/wp\/v2\/comments?post=12130"}],"version-history":[{"count":1,"href":"https:\/\/terrasdomino.deputacionlugo.org\/en\/wp-json\/wp\/v2\/pages\/12130\/revisions"}],"predecessor-version":[{"id":12131,"href":"https:\/\/terrasdomino.deputacionlugo.org\/en\/wp-json\/wp\/v2\/pages\/12130\/revisions\/12131"}],"wp:attachment":[{"href":"https:\/\/terrasdomino.deputacionlugo.org\/en\/wp-json\/wp\/v2\/media?parent=12130"}],"curies":[{"name":"wp","href":"https:\/\/api.w.org\/{rel}","templated":true}]}}