{"id":12141,"date":"2023-05-24T07:15:37","date_gmt":"2023-05-24T07:15:37","guid":{"rendered":"https:\/\/terrasdomino.deputacionlugo.org\/politica-privacidad\/"},"modified":"2023-09-25T16:15:37","modified_gmt":"2023-09-25T16:15:37","slug":"politica-privacidad","status":"publish","type":"page","link":"https:\/\/terrasdomino.deputacionlugo.org\/en\/politica-privacidad\/","title":{"rendered":"Pol\u00edtica de privacidad"},"content":{"rendered":"\r\n<h2 class=\"wp-block-heading\">Pol\u00edtica de privacidad<\/h2>\r\n<p>A trav\u00e9s de este sitio web no se recaban datos de car\u00e1cter personal de los usuarios sin su conocimiento, ni se ceden a terceros.<br \/>Con la finalidad de ofrecerle el mejor servicio y con el objeto de facilitar el uso, se analizan el n\u00famero de p\u00e1ginas visitadas, el n\u00famero de visitas, as\u00ed como la actividad de los visitantes y su frecuencia de utilizaci\u00f3n. A estos efectos, la Diputaci\u00f3n de Lugo utiliza la informaci\u00f3n estad\u00edstica generada por los sistemas de informaci\u00f3n.<\/p>\r\n<p>La Diputaci\u00f3n de Lugo no utiliza cookies para recoger informaci\u00f3n de los usuarios, ni registra las direcciones IP de acceso. \u00danicamente se utilizan cookies propias,\u00a0 de sesi\u00f3n, con finalidad t\u00e9cnica (aquellas que permiten al usuario la navegaci\u00f3n a trav\u00e9s del sitio web y la utilizaci\u00f3n de las diferentes opciones y servicios que en ella existen).<\/p>\r\n<p>El portal del que es titular la Diputaci\u00f3n de Lugo contiene enlaces a sitios web de terceros, cuyas pol\u00edticas de privacidad son ajenas a la de la Diputaci\u00f3n de Lugo. Al acceder a tales sitios web usted puede decidir si acepta sus pol\u00edticas de privacidad y de cookies. Con car\u00e1cter general, si navega por internet usted puede aceptar o rechazar las cookies de terceros desde las opciones de configuraci\u00f3n de su navegador.<\/p>\r\n<p><strong>Informaci\u00f3n b\u00e1sica sobre protecci\u00f3n de datos<\/strong><br \/>A continuaci\u00f3n le informamos sobre la pol\u00edtica de protecci\u00f3n de datos de la Diputaci\u00f3n de Lugo.<\/p>\r\n<p><strong>Responsable del tratamiento<\/strong><br \/>Los datos de car\u00e1cter personal que se pudieran recabar directamente del interesado ser\u00e1n tratados de forma confidencial y quedar\u00e1n incorporados a la correspondiente actividad de tratamiento titularidad de\u00a0 la Diputaci\u00f3n de Lugo.<\/p>\r\n<p><strong>Finalidad<\/strong><br \/>La finalidad del tratamiento de los datos corresponde a cada una de las actividades de tratamiento que realiza la Diputaci\u00f3n de Lugo y se especifica en cada uno de los formularios de recogida de informaci\u00f3n.<\/p>\r\n<p><strong>Legitimaci\u00f3n<\/strong><br \/>El tratamiento de sus datos se realiza para el cumplimiento de obligaciones legales por parte de la Diputaci\u00f3n de Lugo, para el cumplimiento de misiones realizada en inter\u00e9s p\u00fablico o en el ejercicio de poderes p\u00fablicos conferidos a la Diputaci\u00f3n de Lugo, as\u00ed como cuando la finalidad del tratamiento requiera su consentimiento, que habr\u00e1 de ser prestado mediante una clara acci\u00f3n afirmativa.<br \/>En los formularios de recogida de datos se concreta, en cada caso, la base de legitimaci\u00f3n.<\/p>\r\n<p><strong>Conservaci\u00f3n de datos<\/strong><br \/>Los datos personales proporcionados se conservar\u00e1n durante el tiempo necesario para cumplir con la finalidad para la que se recaban y para determinar las posibles responsabilidades que se pudieran derivar de la finalidad, adem\u00e1s de los per\u00edodos establecidos en la normativa de archivos y documentaci\u00f3n.<\/p>\r\n<p><strong>Comunicaci\u00f3n de datos<\/strong><br \/>Con car\u00e1cter general no se comunicar\u00e1n los datos personales a terceros, salvo obligaci\u00f3n legal o inter\u00e9s leg\u00edtimo del solicitante.<br \/>En los formularios de recogida de datos se concretan, en cada caso, las posibles comunicaciones que puedan realizarse.<\/p>\r\n<p><strong>Derechos de los interesados<\/strong><br \/>Cualquier persona tiene derecho a obtener confirmaci\u00f3n sobre los tratamientos que de sus datos que se llevan a cabo por la Diputaci\u00f3n de Lugo.<br \/>Puede ejercer sus derechos de acceso, rectificaci\u00f3n, supresi\u00f3n y portabilidad de sus datos, de limitaci\u00f3n y oposici\u00f3n a su tratamiento, as\u00ed como a no ser objeto de decisiones basadas \u00fanicamente en el tratamiento automatizado de sus datos, cuando procedan, ante la Diputaci\u00f3n de Lugo, R\u00faa San Marcos, 8, 27001 Lugo o en la direcci\u00f3n de correo protecciondatos@deputacionlugo.org.<\/p>\r\n","protected":false},"excerpt":{"rendered":"<p>Pol\u00edtica de privacidad A trav\u00e9s de este sitio web no se recaban datos de car\u00e1cter personal de los usuarios sin su conocimiento, ni se ceden a terceros.Con la finalidad de ofrecerle el mejor servicio y con el objeto de facilitar el uso, se analizan el n\u00famero de p\u00e1ginas visitadas, el n\u00famero de visitas, as\u00ed como &#8230;<\/p>\n","protected":false},"author":2,"featured_media":0,"parent":0,"menu_order":0,"comment_status":"closed","ping_status":"open","template":"","meta":{"_eb_attr":"","footnotes":""},"class_list":["post-12141","page","type-page","status-publish","hentry"],"_links":{"self":[{"href":"https:\/\/terrasdomino.deputacionlugo.org\/en\/wp-json\/wp\/v2\/pages\/12141","targetHints":{"allow":["GET"]}}],"collection":[{"href":"https:\/\/terrasdomino.deputacionlugo.org\/en\/wp-json\/wp\/v2\/pages"}],"about":[{"href":"https:\/\/terrasdomino.deputacionlugo.org\/en\/wp-json\/wp\/v2\/types\/page"}],"author":[{"embeddable":true,"href":"https:\/\/terrasdomino.deputacionlugo.org\/en\/wp-json\/wp\/v2\/users\/2"}],"replies":[{"embeddable":true,"href":"https:\/\/terrasdomino.deputacionlugo.org\/en\/wp-json\/wp\/v2\/comments?post=12141"}],"version-history":[{"count":1,"href":"https:\/\/terrasdomino.deputacionlugo.org\/en\/wp-json\/wp\/v2\/pages\/12141\/revisions"}],"predecessor-version":[{"id":12142,"href":"https:\/\/terrasdomino.deputacionlugo.org\/en\/wp-json\/wp\/v2\/pages\/12141\/revisions\/12142"}],"wp:attachment":[{"href":"https:\/\/terrasdomino.deputacionlugo.org\/en\/wp-json\/wp\/v2\/media?parent=12141"}],"curies":[{"name":"wp","href":"https:\/\/api.w.org\/{rel}","templated":true}]}}