{"id":12158,"date":"2023-08-03T11:30:09","date_gmt":"2023-08-03T11:30:09","guid":{"rendered":"https:\/\/terrasdomino.deputacionlugo.org\/pr-documentos\/"},"modified":"2026-04-14T08:59:37","modified_gmt":"2026-04-14T08:59:37","slug":"pr-documentos","status":"publish","type":"page","link":"https:\/\/terrasdomino.deputacionlugo.org\/en\/pr-documentos\/","title":{"rendered":"pr-documentos"},"content":{"rendered":"[vc_row ct_row_stretch=&#8221;stretch_row&#8221; content_placement=&#8221;middle&#8221; ct_bg_image=&#8221;9215&#8243; ct_bg_repeat=&#8221;no-repeat&#8221; ct_bg_size=&#8221;cover&#8221;][vc_column]<div class=\"ult-spacer spacer-69e1f7747eb3d\" data-id=\"69e1f7747eb3d\" data-height=\"49\" data-height-mobile=\"\" data-height-tab=\"20\" data-height-tab-portrait=\"\" data-height-mobile-landscape=\"15\" style=\"clear:both;display:block;\"><\/div><div id=\"ultimate-heading-499469e1f7747eba1\" class=\"uvc-heading ult-adjust-bottom-margin ultimate-heading-499469e1f7747eba1 uvc-5383 \" data-hspacer=\"no_spacer\"  data-halign=\"center\" style=\"text-align:center\"><div class=\"uvc-heading-spacer no_spacer\" style=\"top\"><\/div><div class=\"uvc-main-heading ult-responsive\"  data-ultimate-target='.uvc-heading.ultimate-heading-499469e1f7747eba1 h1'  data-responsive-json-new='{\"font-size\":\"desktop:115px;tablet:45px;tablet_portrait:40px;mobile_landscape:30px;mobile:30px;\",\"line-height\":\"\"}' ><h1 style=\"font-weight:bold;color:#ffffff;\">TERRAS DO MI\u00d1O<\/h1><\/div><\/div><div id=\"ultimate-heading-541569e1f7747ebef\" class=\"uvc-heading ult-adjust-bottom-margin ultimate-heading-541569e1f7747ebef uvc-3039 \" data-hspacer=\"no_spacer\"  data-halign=\"center\" style=\"text-align:center\"><div class=\"uvc-heading-spacer no_spacer\" style=\"top\"><\/div><div class=\"uvc-sub-heading ult-responsive\"  data-ultimate-target='.uvc-heading.ultimate-heading-541569e1f7747ebef .uvc-sub-heading '  data-responsive-json-new='{\"font-size\":\"desktop:35px;tablet:45px;tablet_portrait:45px;mobile_landscape:15px;mobile:15px;\",\"line-height\":\"desktop:38px;tablet:38px;tablet_portrait:38px;mobile_landscape:30px;mobile:30px;\"}'  style=\"font-family:&#039;Open Sans&#039;;font-weight:600;color:#ffffff;\">\n<p style=\"text-align: center;\">BIOSPHERE RESERVE<\/p>\n<\/div><\/div><div class=\"ult-spacer spacer-69e1f7747ec35\" data-id=\"69e1f7747ec35\" data-height=\"110\" data-height-mobile=\"55\" data-height-tab=\"\" data-height-tab-portrait=\"\" data-height-mobile-landscape=\"55\" style=\"clear:both;display:block;\"><\/div>[\/vc_column][\/vc_row][vc_row ct_row_stretch=&#8221;stretch_row&#8221;][vc_column width=&#8221;1\/6&#8243;]<div class=\"ult-animation  ult-animate-viewport  ult-no-mobile \" data-animate=\"fadeInUp\" data-animation-delay=\"0\" data-animation-duration=\"1\" data-animation-iteration=\"1\" style=\"opacity:0;\" data-opacity_start_effect=\"\"><\/div>[\/vc_column][vc_column width=&#8221;2\/3&#8243;]<div class=\"ult-spacer spacer-69e1f7747ec8b\" data-id=\"69e1f7747ec8b\" data-height=\"139\" data-height-mobile=\"\" data-height-tab=\"100\" data-height-tab-portrait=\"\" data-height-mobile-landscape=\"40\" style=\"clear:both;display:block;\"><\/div><div id=\"ultimate-heading-965269e1f7747ecb9\" class=\"uvc-heading ult-adjust-bottom-margin ultimate-heading-965269e1f7747ecb9 uvc-2744 \" data-hspacer=\"no_spacer\"  data-halign=\"center\" style=\"text-align:center\"><div class=\"uvc-heading-spacer no_spacer\" style=\"top\"><\/div><div class=\"uvc-main-heading ult-responsive\"  data-ultimate-target='.uvc-heading.ultimate-heading-965269e1f7747ecb9 h2'  data-responsive-json-new='{\"font-size\":\"desktop:35px;\",\"line-height\":\"\"}' ><h2 style=\"font-family:&#039;Montserrat&#039;;font-weight:700;color:#232829;margin-bottom:8px;\">PARTICIPATION BODY<\/h2><\/div><\/div>[vc_separator color=&#8221;custom&#8221; border_width=&#8221;4&#8243; el_width=&#8221;10&#8243; accent_color=&#8221;#0069ab&#8221;]<div class=\"ult-spacer spacer-69e1f7747ecf1\" data-id=\"69e1f7747ecf1\" data-height=\"5\" data-height-mobile=\"5\" data-height-tab=\"5\" data-height-tab-portrait=\"\" data-height-mobile-landscape=\"\" style=\"clear:both;display:block;\"><\/div>[vc_single_image image=&#8221;9584&#8243; img_size=&#8221;326&#215;91&#8243; alignment=&#8221;center&#8221;][\/vc_column][vc_column width=&#8221;1\/6&#8243;][\/vc_column][\/vc_row][vc_row ct_row_stretch=&#8221;&#8221;][vc_column]<div class=\"ult-spacer spacer-69e1f7747ed14\" data-id=\"69e1f7747ed14\" data-height=\"40\" data-height-mobile=\"20\" data-height-tab=\"40\" data-height-tab-portrait=\"40\" data-height-mobile-landscape=\"20\" style=\"clear:both;display:block;\"><\/div>[\/vc_column][\/vc_row][vc_row ct_row_stretch=&#8221;stretch_row_content_no_spaces&#8221; ct_bg_color=&#8221;#f8f7f5&#8243; css=&#8221;.vc_custom_1695990080205{padding-top: 50px !important;padding-bottom: 50px !important;}&#8221;][vc_column width=&#8221;1\/4&#8243;][\/vc_column][vc_column width=&#8221;1\/2&#8243;][vc_row_inner][vc_column_inner][\/vc_column_inner][\/vc_row_inner]<div class=\"ult-spacer spacer-69e1f7747ed34\" data-id=\"69e1f7747ed34\" data-height=\"50\" data-height-mobile=\"30\" data-height-tab=\"30\" data-height-tab-portrait=\"30\" data-height-mobile-landscape=\"30\" style=\"clear:both;display:block;\"><\/div>[vc_row_inner][vc_column_inner][vc_column_text]\n<p style=\"text-align: center;\"><a href=\"https:\/\/youtu.be\/d9VqltU7RLE\" target=\"_blank\" rel=\"noopener\">V\u00eddeo Reuni\u00f3n 17-12-2025<\/a><\/p>\n<p style=\"text-align: center;\"><a href=\"https:\/\/terrasdomino.deputacionlugo.org\/wp-content\/uploads\/2026\/01\/16-ORDE-DO-DIA-RB-TM-OP-12-2025.pdf\" target=\"_blank\" rel=\"noopener\">Reuni\u00f3n \u00d3rgano Participaci\u00f3n RB Terras do Mi\u00f1o 17-12-2025<\/a><\/p>\n<p style=\"text-align: center;\"><a href=\"https:\/\/www.youtube.com\/watch?v=0mdiPU8Ongg\">V\u00eddeo Reuni\u00f3n 21-02-2025<\/a><\/p>\n<p style=\"text-align: center;\"><a href=\"https:\/\/terrasdomino.deputacionlugo.org\/wp-content\/uploads\/2025\/04\/ORDE-DO-DIA-RB-TM-OP-2025.pdf\">Reuni\u00f3n \u00d3rgano Participaci\u00f3n RB Terras do Mi\u00f1o 21-02-2025<\/a><\/p>\n<p style=\"text-align: center;\"><a href=\"https:\/\/youtu.be\/LgubkZ94mLY\">V\u00eddeo Reuni\u00f3n junio 2024<\/a><\/p>\n<p style=\"text-align: center;\"><a href=\"https:\/\/terrasdomino.deputacionlugo.org\/wp-content\/uploads\/2024\/06\/ORDE-DO-DIA-RB-TM-OP-2024-1.pdf\">Reuni\u00f3n \u00d3rgano Participaci\u00f3n RB Terras do Mi\u00f1o 18-06-2024<\/a><\/p>\n<p style=\"text-align: center;\"><a href=\"https:\/\/youtube.com\/live\/Al33iHKXQD8\">V\u00eddeo Reuni\u00f3n 2023<\/a><\/p>\n<p style=\"text-align: center;\"><a href=\"https:\/\/terrasdomino.deputacionlugo.org\/wp-content\/uploads\/2024\/05\/13-ORDE-DO-DIA-TM-OP-2023.pdf\">Reuni\u00f3n \u00d3rgano Participaci\u00f3n RB Terras do Mi\u00f1o 19-12-2023<\/a><\/p>\n<p style=\"text-align: center;\"><a href=\"https:\/\/youtu.be\/AOm7_nyZUq8\" target=\"_blank\" rel=\"noopener\">Video Reuni\u00f3n 2022<\/a><\/p>\n<p style=\"text-align: center;\"><a href=\"https:\/\/terrasdomino.deputacionlugo.org\/wp-content\/uploads\/2023\/08\/12-ORDE-DO-DIA-TM-OP-2022.pdf\" target=\"_blank\" rel=\"noopener\">Reuni\u00f3n \u00d3rgano Participaci\u00f3n RB Terras do Mi\u00f1o 12-12-2022<\/a><\/p>\n<p style=\"text-align: center;\"><a href=\"https:\/\/youtu.be\/a0OLtTYnIuQ\" target=\"_blank\" rel=\"noopener\">Video Reuni\u00f3n 2021<\/a><\/p>\n<p style=\"text-align: center;\"><a href=\"https:\/\/terrasdomino.deputacionlugo.org\/wp-content\/uploads\/2023\/08\/11-ORDE-DO-DIA-TM-OP-2021.pdf\">Reuni\u00f3n \u00d3rgano Participaci\u00f3n RB Terras do Mi\u00f1o 17-12-2021<\/a><\/p>\n<p style=\"text-align: center;\"><a href=\"https:\/\/youtu.be\/sa0VsmnU6Yw\" target=\"_blank\" rel=\"noopener\">Video Reuni\u00f3n 2020<\/a><\/p>\n<p style=\"text-align: center;\"><a href=\"https:\/\/terrasdomino.deputacionlugo.org\/wp-content\/uploads\/2023\/08\/10-ORDE-DO-DIA-TM-OP-2020.pdf\" target=\"_blank\" rel=\"noopener\">Reuni\u00f3n \u00d3rgano Participaci\u00f3n RB Terras do Mi\u00f1o 17-12-2020<\/a><\/p>\n<p style=\"text-align: center;\"><a href=\"https:\/\/terrasdomino.deputacionlugo.org\/wp-content\/uploads\/2023\/08\/9-ORDE-DO-DIA-TM-OP-2019.pdf\" target=\"_blank\" rel=\"noopener\">Reuni\u00f3n \u00d3rgano Participaci\u00f3n RB Terras do Mi\u00f1o 17-12-2019<\/a><\/p>\n<p style=\"text-align: center;\"><a href=\"https:\/\/terrasdomino.deputacionlugo.org\/wp-content\/uploads\/2023\/08\/8-ORDE-DO-DIA-TM-OP-2018.pdf\" target=\"_blank\" rel=\"noopener\">Reuni\u00f3n \u00d3rgano Participaci\u00f3n RB Terras do Mi\u00f1o 04-12-2018<\/a><\/p>\n<p style=\"text-align: center;\"><a href=\"https:\/\/terrasdomino.deputacionlugo.org\/wp-content\/uploads\/2023\/08\/7-ORDE-DO-DIA-TM-OP-2017.pdf\" target=\"_blank\" rel=\"noopener\">Reuni\u00f3n \u00d3rgano Participaci\u00f3n RB Terras do Mi\u00f1o 19-12-2017<\/a><\/p>\n<p style=\"text-align: center;\"><a href=\"https:\/\/terrasdomino.deputacionlugo.org\/wp-content\/uploads\/2023\/08\/6-ORDE-DO-DIA-TM-OP-2016.pdf\" target=\"_blank\" rel=\"noopener\">Reuni\u00f3n \u00d3rgano Participaci\u00f3n RB Terras do Mi\u00f1o 15-12-2016<\/a><\/p>\n<p style=\"text-align: center;\"><a href=\"https:\/\/terrasdomino.deputacionlugo.org\/wp-content\/uploads\/2023\/08\/5-ORDE-DO-DIA-TM-OP-2015.pdf\" target=\"_blank\" rel=\"noopener\">Reuni\u00f3n \u00d3rgano Participaci\u00f3n RB Terras do Mi\u00f1o 22-12-2015<\/a><\/p>\n<p style=\"text-align: center;\"><a href=\"https:\/\/terrasdomino.deputacionlugo.org\/wp-content\/uploads\/2023\/08\/4-ORDE-DO-DIA-TM-OP-07-2014.pdf\" target=\"_blank\" rel=\"noopener\">Reuni\u00f3n \u00d3rgano Participaci\u00f3n RB Terras do Mi\u00f1o 28-07-2014<\/a><\/p>\n<p style=\"text-align: center;\"><a href=\"https:\/\/terrasdomino.deputacionlugo.org\/wp-content\/uploads\/2023\/08\/3-ORDE-DO-DIA-TM-OP-12-2013.pdf\" target=\"_blank\" rel=\"noopener\">Reuni\u00f3n \u00d3rgano Participaci\u00f3n RB Terras do Mi\u00f1o 01-12-2013<\/a><\/p>\n<p style=\"text-align: center;\"><a href=\"https:\/\/terrasdomino.deputacionlugo.org\/wp-content\/uploads\/2023\/08\/2-ORDE-DO-DIA-TM-OP-07-2013.pdf\" target=\"_blank\" rel=\"noopener\">Reuni\u00f3n \u00d3rgano Participaci\u00f3n RB Terras do Mi\u00f1o 31-07-2013<\/a><\/p>\n<p style=\"text-align: center;\"><a href=\"https:\/\/terrasdomino.deputacionlugo.org\/wp-content\/uploads\/2023\/08\/1-ORDE-DO-DIA-TM-OP-2011.pdf\" target=\"_blank\" rel=\"noopener\">Reuni\u00f3n \u00d3rgano Participaci\u00f3n RB Terras do Mi\u00f1o 27-10-2011<\/a><\/p>\n[\/vc_column_text][\/vc_column_inner][\/vc_row_inner][\/vc_column][vc_column width=&#8221;1\/4&#8243;][\/vc_column][\/vc_row][vc_row ct_row_stretch=&#8221;&#8221;][vc_column]<div class=\"ult-spacer spacer-69e1f7747ed52\" data-id=\"69e1f7747ed52\" data-height=\"120\" data-height-mobile=\"20\" data-height-tab=\"60\" data-height-tab-portrait=\"60\" data-height-mobile-landscape=\"20\" style=\"clear:both;display:block;\"><\/div>[\/vc_column][\/vc_row][vc_row ct_row_stretch=&#8221;&#8221; equal_height=&#8221;yes&#8221;][vc_column width=&#8221;1\/6&#8243;][vc_single_image image=&#8221;10447&#8243; img_size=&#8221;full&#8221;][\/vc_column][vc_column width=&#8221;1\/6&#8243;][vc_single_image image=&#8221;9594&#8243; img_size=&#8221;full&#8221;][\/vc_column][vc_column width=&#8221;1\/6&#8243;][vc_single_image image=&#8221;10451&#8243; img_size=&#8221;full&#8221;][\/vc_column][vc_column width=&#8221;1\/6&#8243;][vc_single_image image=&#8221;10457&#8243; img_size=&#8221;full&#8221;][\/vc_column][vc_column width=&#8221;1\/6&#8243;][vc_single_image image=&#8221;10461&#8243; img_size=&#8221;full&#8221;][\/vc_column][vc_column width=&#8221;1\/6&#8243;][vc_single_image image=&#8221;14042&#8243; img_size=&#8221;full&#8221;][\/vc_column][\/vc_row][vc_row ct_row_stretch=&#8221;&#8221;][vc_column]<div class=\"ult-spacer spacer-69e1f7747ed70\" data-id=\"69e1f7747ed70\" data-height=\"60\" data-height-mobile=\"20\" data-height-tab=\"40\" data-height-tab-portrait=\"40\" data-height-mobile-landscape=\"20\" style=\"clear:both;display:block;\"><\/div>[\/vc_column][\/vc_row][vc_row ct_row_stretch=&#8221;&#8221;][vc_column][vc_column_text]\n<p style=\"text-align: center;\"><em><span style=\"font-size: 10.0pt; font-family: 'Verdana','sans-serif';\">This work was fully financed by the Next Generation funds of the European Union through the subsidy called by the Xunta de Galicia \u201cAid for actions by the management bodies of the biosphere reserves of Galicia under the Recovery Plan , Transformation and Resilience, financed by the European Union-NextGenerationEU, for the years 2022 and 2023.\u201d However, the views and opinions expressed are solely those of the author(s) and do not necessarily reflect those of the European Union or the European Commission. Neither the European Union nor the European Commission is responsible for them.<\/span><\/em><\/p>\n[\/vc_column_text][\/vc_column][\/vc_row][vc_row ct_row_stretch=&#8221;&#8221;][vc_column]<div class=\"ult-spacer spacer-69e1f7747ed8c\" data-id=\"69e1f7747ed8c\" data-height=\"60\" data-height-mobile=\"20\" data-height-tab=\"40\" data-height-tab-portrait=\"40\" data-height-mobile-landscape=\"20\" style=\"clear:both;display:block;\"><\/div>[\/vc_column][\/vc_row]\n","protected":false},"excerpt":{"rendered":"<p>[vc_row ct_row_stretch=&#8221;stretch_row&#8221; content_placement=&#8221;middle&#8221; ct_bg_image=&#8221;9215&#8243; ct_bg_repeat=&#8221;no-repeat&#8221; ct_bg_size=&#8221;cover&#8221;][vc_column][\/vc_column][\/vc_row][vc_row ct_row_stretch=&#8221;stretch_row&#8221;][vc_column width=&#8221;1\/6&#8243;][\/vc_column][vc_column width=&#8221;2\/3&#8243;][vc_separator color=&#8221;custom&#8221; border_width=&#8221;4&#8243; el_width=&#8221;10&#8243; accent_color=&#8221;#0069ab&#8221;][vc_single_image image=&#8221;9584&#8243; img_size=&#8221;326&#215;91&#8243; alignment=&#8221;center&#8221;][\/vc_column][vc_column width=&#8221;1\/6&#8243;][\/vc_column][\/vc_row][vc_row ct_row_stretch=&#8221;&#8221;][vc_column][\/vc_column][\/vc_row][vc_row ct_row_stretch=&#8221;stretch_row_content_no_spaces&#8221; ct_bg_color=&#8221;#f8f7f5&#8243; css=&#8221;.vc_custom_1695990080205{padding-top: 50px !important;padding-bottom: 50px !important;}&#8221;][vc_column width=&#8221;1\/4&#8243;][\/vc_column][vc_column width=&#8221;1\/2&#8243;][vc_row_inner][vc_column_inner][\/vc_column_inner][\/vc_row_inner][vc_row_inner][vc_column_inner][vc_column_text] V\u00eddeo Reuni\u00f3n 17-12-2025 Reuni\u00f3n \u00d3rgano Participaci\u00f3n RB Terras do Mi\u00f1o 17-12-2025 V\u00eddeo Reuni\u00f3n 21-02-2025 Reuni\u00f3n \u00d3rgano Participaci\u00f3n RB Terras do Mi\u00f1o 21-02-2025 V\u00eddeo Reuni\u00f3n junio 2024 Reuni\u00f3n \u00d3rgano &#8230;<\/p>\n","protected":false},"author":2,"featured_media":0,"parent":0,"menu_order":0,"comment_status":"closed","ping_status":"closed","template":"","meta":{"_eb_attr":"","footnotes":""},"class_list":["post-12158","page","type-page","status-publish","hentry"],"_links":{"self":[{"href":"https:\/\/terrasdomino.deputacionlugo.org\/en\/wp-json\/wp\/v2\/pages\/12158","targetHints":{"allow":["GET"]}}],"collection":[{"href":"https:\/\/terrasdomino.deputacionlugo.org\/en\/wp-json\/wp\/v2\/pages"}],"about":[{"href":"https:\/\/terrasdomino.deputacionlugo.org\/en\/wp-json\/wp\/v2\/types\/page"}],"author":[{"embeddable":true,"href":"https:\/\/terrasdomino.deputacionlugo.org\/en\/wp-json\/wp\/v2\/users\/2"}],"replies":[{"embeddable":true,"href":"https:\/\/terrasdomino.deputacionlugo.org\/en\/wp-json\/wp\/v2\/comments?post=12158"}],"version-history":[{"count":3,"href":"https:\/\/terrasdomino.deputacionlugo.org\/en\/wp-json\/wp\/v2\/pages\/12158\/revisions"}],"predecessor-version":[{"id":14084,"href":"https:\/\/terrasdomino.deputacionlugo.org\/en\/wp-json\/wp\/v2\/pages\/12158\/revisions\/14084"}],"wp:attachment":[{"href":"https:\/\/terrasdomino.deputacionlugo.org\/en\/wp-json\/wp\/v2\/media?parent=12158"}],"curies":[{"name":"wp","href":"https:\/\/api.w.org\/{rel}","templated":true}]}}