{"id":12162,"date":"2023-09-20T12:32:15","date_gmt":"2023-09-20T12:32:15","guid":{"rendered":"https:\/\/terrasdomino.deputacionlugo.org\/memorias-anuais-de-actuacion\/"},"modified":"2026-04-14T08:52:46","modified_gmt":"2026-04-14T08:52:46","slug":"annual-performance-reports","status":"publish","type":"page","link":"https:\/\/terrasdomino.deputacionlugo.org\/en\/annual-performance-reports\/","title":{"rendered":"Annual performance reports"},"content":{"rendered":"[vc_row ct_row_stretch=&#8221;stretch_row&#8221; content_placement=&#8221;middle&#8221; ct_bg_image=&#8221;9215&#8243; ct_bg_repeat=&#8221;no-repeat&#8221; ct_bg_size=&#8221;cover&#8221;][vc_column]<div class=\"ult-spacer spacer-69e88a106660c\" data-id=\"69e88a106660c\" data-height=\"49\" data-height-mobile=\"\" data-height-tab=\"20\" data-height-tab-portrait=\"\" data-height-mobile-landscape=\"15\" style=\"clear:both;display:block;\"><\/div><div id=\"ultimate-heading-728869e88a1066686\" class=\"uvc-heading ult-adjust-bottom-margin ultimate-heading-728869e88a1066686 uvc-2262 \" data-hspacer=\"no_spacer\"  data-halign=\"center\" style=\"text-align:center\"><div class=\"uvc-heading-spacer no_spacer\" style=\"top\"><\/div><div class=\"uvc-main-heading ult-responsive\"  data-ultimate-target='.uvc-heading.ultimate-heading-728869e88a1066686 h1'  data-responsive-json-new='{\"font-size\":\"desktop:115px;tablet:45px;tablet_portrait:40px;mobile_landscape:30px;mobile:30px;\",\"line-height\":\"\"}' ><h1 style=\"font-weight:bold;color:#ffffff;\">TERRAS DO MI\u00d1O<\/h1><\/div><\/div><div id=\"ultimate-heading-139569e88a10666d4\" class=\"uvc-heading ult-adjust-bottom-margin ultimate-heading-139569e88a10666d4 uvc-4374 \" data-hspacer=\"no_spacer\"  data-halign=\"center\" style=\"text-align:center\"><div class=\"uvc-heading-spacer no_spacer\" style=\"top\"><\/div><div class=\"uvc-sub-heading ult-responsive\"  data-ultimate-target='.uvc-heading.ultimate-heading-139569e88a10666d4 .uvc-sub-heading '  data-responsive-json-new='{\"font-size\":\"desktop:35px;tablet:45px;tablet_portrait:45px;mobile_landscape:15px;mobile:15px;\",\"line-height\":\"desktop:38px;tablet:38px;tablet_portrait:38px;mobile_landscape:30px;mobile:30px;\"}'  style=\"font-family:&#039;Open Sans&#039;;font-weight:600;color:#ffffff;\">\n<p style=\"text-align: center;\">BIOSPHERE RESERVE<\/p>\n<\/div><\/div><div class=\"ult-spacer spacer-69e88a106672b\" data-id=\"69e88a106672b\" data-height=\"110\" data-height-mobile=\"55\" data-height-tab=\"\" data-height-tab-portrait=\"\" data-height-mobile-landscape=\"55\" style=\"clear:both;display:block;\"><\/div>[\/vc_column][\/vc_row][vc_row ct_row_stretch=&#8221;stretch_row&#8221;][vc_column width=&#8221;1\/6&#8243;]<div class=\"ult-animation  ult-animate-viewport  ult-no-mobile \" data-animate=\"fadeInUp\" data-animation-delay=\"0\" data-animation-duration=\"1\" data-animation-iteration=\"1\" style=\"opacity:0;\" data-opacity_start_effect=\"\"><\/div>[\/vc_column][vc_column width=&#8221;2\/3&#8243;]<div class=\"ult-spacer spacer-69e88a10667a1\" data-id=\"69e88a10667a1\" data-height=\"139\" data-height-mobile=\"\" data-height-tab=\"100\" data-height-tab-portrait=\"\" data-height-mobile-landscape=\"40\" style=\"clear:both;display:block;\"><\/div><div id=\"ultimate-heading-685269e88a10667d0\" class=\"uvc-heading ult-adjust-bottom-margin ultimate-heading-685269e88a10667d0 uvc-2378 \" data-hspacer=\"no_spacer\"  data-halign=\"center\" style=\"text-align:center\"><div class=\"uvc-heading-spacer no_spacer\" style=\"top\"><\/div><div class=\"uvc-main-heading ult-responsive\"  data-ultimate-target='.uvc-heading.ultimate-heading-685269e88a10667d0 h2'  data-responsive-json-new='{\"font-size\":\"desktop:35px;\",\"line-height\":\"\"}' ><h2 style=\"font-family:&#039;Montserrat&#039;;font-weight:700;color:#232829;margin-bottom:8px;\">ANNUAL PERFORMANCE REPORTS<\/h2><\/div><\/div>[vc_separator color=&#8221;custom&#8221; border_width=&#8221;4&#8243; el_width=&#8221;10&#8243; accent_color=&#8221;#0069ab&#8221;][vc_single_image image=&#8221;9584&#8243; img_size=&#8221;326&#215;91&#8243; alignment=&#8221;center&#8221;]<div class=\"ult-spacer spacer-69e88a1066809\" data-id=\"69e88a1066809\" data-height=\"5\" data-height-mobile=\"5\" data-height-tab=\"5\" data-height-tab-portrait=\"\" data-height-mobile-landscape=\"\" style=\"clear:both;display:block;\"><\/div>[\/vc_column][vc_column width=&#8221;1\/6&#8243;][\/vc_column][\/vc_row][vc_row ct_row_stretch=&#8221;&#8221;][vc_column]<div class=\"ult-spacer spacer-69e88a106682c\" data-id=\"69e88a106682c\" data-height=\"40\" data-height-mobile=\"20\" data-height-tab=\"40\" data-height-tab-portrait=\"40\" data-height-mobile-landscape=\"20\" style=\"clear:both;display:block;\"><\/div>[\/vc_column][\/vc_row][vc_row ct_row_stretch=&#8221;stretch_row_content_no_spaces&#8221; ct_bg_color=&#8221;#f8f7f5&#8243; css=&#8221;.vc_custom_1695991026634{padding-top: 50px !important;padding-bottom: 50px !important;}&#8221;][vc_column width=&#8221;1\/4&#8243;][\/vc_column][vc_column width=&#8221;1\/2&#8243;][vc_row_inner][vc_column_inner][\/vc_column_inner][\/vc_row_inner]<div class=\"ult-spacer spacer-69e88a106684c\" data-id=\"69e88a106684c\" data-height=\"50\" data-height-mobile=\"30\" data-height-tab=\"30\" data-height-tab-portrait=\"30\" data-height-mobile-landscape=\"30\" style=\"clear:both;display:block;\"><\/div>[vc_row_inner][vc_column_inner][vc_column_text]\n<p style=\"text-align: center;\"><a href=\"https:\/\/terrasdomino.deputacionlugo.org\/wp-content\/uploads\/2025\/04\/memoria-anual-RB-TERRAS-DO-MINO-2024.pdf\">Annual performance reports 2024 RB Terras do Mi\u00f1o<\/a><\/p>\n<p style=\"text-align: center;\"><a href=\"https:\/\/terrasdomino.deputacionlugo.org\/wp-content\/uploads\/2024\/05\/memoria-anual-RB-TERRAS-DO-MINO-2023.pdf\" target=\"_blank\" rel=\"noopener\">Annual performance reports 2023 RB Terras do Mi\u00f1o<\/a><\/p>\n<p style=\"text-align: center;\"><a href=\"https:\/\/terrasdomino.deputacionlugo.org\/wp-content\/uploads\/2023\/09\/memoria-anual-RB-TERRAS-DO-MINO-2022.pdf\" target=\"_blank\" rel=\"noopener\">Annual performance reports 2022 RB Terras do Mi\u00f1o<\/a><br \/>\n<a href=\"https:\/\/terrasdomino.deputacionlugo.org\/wp-content\/uploads\/2023\/09\/memoria-anual-RB-TERRAS-DO-MINO-2021.pdf\" target=\"_blank\" rel=\"noopener\"><br \/>\nAnnual performance reports 2021 RB Terras do Mi\u00f1o<\/a><br \/>\n<a href=\"https:\/\/terrasdomino.deputacionlugo.org\/wp-content\/uploads\/2023\/09\/memoria-anual-RB-TERRAS-DO-MINO-2020.pdf\" target=\"_blank\" rel=\"noopener\"><br \/>\nAnnual performance reports 2020 RB Terras do Mi\u00f1o<\/a><br \/>\n<a href=\"https:\/\/terrasdomino.deputacionlugo.org\/wp-content\/uploads\/2023\/09\/memoria-anual-RB-TERRAS-DO-MINO-2019.pdf\" target=\"_blank\" rel=\"noopener\"><br \/>\nAnnual performance reports 2019 RB Terras do Mi\u00f1o<\/a><br \/>\n<a href=\"https:\/\/terrasdomino.deputacionlugo.org\/wp-content\/uploads\/2023\/09\/memoria-anual-RB-TERRAS-DO-MINO-2018.pdf\" target=\"_blank\" rel=\"noopener\"><br \/>\nAnnual performance reports 2018 RB Terras do Mi\u00f1o<\/a><br \/>\n<a href=\"https:\/\/terrasdomino.deputacionlugo.org\/wp-content\/uploads\/2023\/09\/memoria-anual-RB-TERRAS-DO-MINO-2017.pdf\" target=\"_blank\" rel=\"noopener\"><br \/>\nAnnual performance reports 2017 RB Terras do Mi\u00f1o<\/a><br \/>\n<a href=\"https:\/\/terrasdomino.deputacionlugo.org\/wp-content\/uploads\/2023\/09\/memoria-anual-RB-TERRAS-DO-MINO-2016.pdf\" target=\"_blank\" rel=\"noopener\"><br \/>\nAnnual performance reports 2016 RB Terras do Mi\u00f1o<\/a><br \/>\n<a href=\"https:\/\/terrasdomino.deputacionlugo.org\/wp-content\/uploads\/2023\/09\/memoria-anual-RB-TERRAS-DO-MINO-2015.pdf\" target=\"_blank\" rel=\"noopener\"><br \/>\nAnnual performance reports 2015 RB Terras do Mi\u00f1o<\/a><br \/>\n<a href=\"https:\/\/terrasdomino.deputacionlugo.org\/wp-content\/uploads\/2023\/09\/memoria-anual-RB-TERRAS-DO-MINO-2014.pdf\" target=\"_blank\" rel=\"noopener\"><br \/>\nAnnual performance reports 2014 RB Terras do Mi\u00f1o<\/a><br \/>\n<a href=\"https:\/\/terrasdomino.deputacionlugo.org\/wp-content\/uploads\/2023\/09\/memoria-anual-RB-TERRAS-DO-MINO-2013.pdf\" target=\"_blank\" rel=\"noopener\"><br \/>\nAnnual performance reports 2013 RB Terras do Mi\u00f1o<\/a><\/p>\n<p style=\"text-align: center;\"><a href=\"https:\/\/terrasdomino.deputacionlugo.org\/wp-content\/uploads\/2024\/05\/memoria-anual-RB-TERRAS-DO-MINO-2012.pdf\">Annual performance reports 2012 RB Terras do Mi\u00f1o<\/a><\/p>\n[\/vc_column_text][\/vc_column_inner][\/vc_row_inner][\/vc_column][vc_column width=&#8221;1\/4&#8243;][\/vc_column][\/vc_row][vc_row ct_row_stretch=&#8221;&#8221;][vc_column]<div class=\"ult-spacer spacer-69e88a106686a\" data-id=\"69e88a106686a\" data-height=\"120\" data-height-mobile=\"20\" data-height-tab=\"60\" data-height-tab-portrait=\"60\" data-height-mobile-landscape=\"20\" style=\"clear:both;display:block;\"><\/div>[\/vc_column][\/vc_row][vc_row ct_row_stretch=&#8221;&#8221; equal_height=&#8221;yes&#8221;][vc_column width=&#8221;1\/6&#8243;][vc_single_image image=&#8221;10447&#8243; img_size=&#8221;full&#8221;][\/vc_column][vc_column width=&#8221;1\/6&#8243;][vc_single_image image=&#8221;9594&#8243; img_size=&#8221;full&#8221;][\/vc_column][vc_column width=&#8221;1\/6&#8243;][vc_single_image image=&#8221;10451&#8243; img_size=&#8221;full&#8221;][\/vc_column][vc_column width=&#8221;1\/6&#8243;][vc_single_image image=&#8221;10457&#8243; img_size=&#8221;full&#8221;][\/vc_column][vc_column width=&#8221;1\/6&#8243;][vc_single_image image=&#8221;10461&#8243; img_size=&#8221;full&#8221;][\/vc_column][vc_column width=&#8221;1\/6&#8243;][vc_single_image image=&#8221;14042&#8243; img_size=&#8221;full&#8221;][\/vc_column][\/vc_row][vc_row ct_row_stretch=&#8221;&#8221;][vc_column]<div class=\"ult-spacer spacer-69e88a1066887\" data-id=\"69e88a1066887\" data-height=\"60\" data-height-mobile=\"20\" data-height-tab=\"40\" data-height-tab-portrait=\"40\" data-height-mobile-landscape=\"20\" style=\"clear:both;display:block;\"><\/div>[\/vc_column][\/vc_row][vc_row ct_row_stretch=&#8221;&#8221;][vc_column][vc_column_text]\n<p style=\"text-align: center;\"><em><span style=\"font-size: 10.0pt; font-family: 'Verdana','sans-serif';\">This work was fully financed by the Next Generation funds of the European Union through the subsidy called by the Xunta de Galicia \u201cAid for actions by the management bodies of the biosphere reserves of Galicia under the Recovery Plan , Transformation and Resilience, financed by the European Union-NextGenerationEU, for the years 2022 and 2023.\u201d However, the views and opinions expressed are solely those of the author(s) and do not necessarily reflect those of the European Union or the European Commission. Neither the European Union nor the European Commission is responsible for them.<br \/>\n<\/span><\/em><\/p>\n[\/vc_column_text][\/vc_column][\/vc_row][vc_row ct_row_stretch=&#8221;&#8221;][vc_column]<div class=\"ult-spacer spacer-69e88a10668a8\" data-id=\"69e88a10668a8\" data-height=\"60\" data-height-mobile=\"20\" data-height-tab=\"40\" data-height-tab-portrait=\"40\" data-height-mobile-landscape=\"20\" style=\"clear:both;display:block;\"><\/div>[\/vc_column][\/vc_row]\n","protected":false},"excerpt":{"rendered":"<p>[vc_row ct_row_stretch=&#8221;stretch_row&#8221; content_placement=&#8221;middle&#8221; ct_bg_image=&#8221;9215&#8243; ct_bg_repeat=&#8221;no-repeat&#8221; ct_bg_size=&#8221;cover&#8221;][vc_column][\/vc_column][\/vc_row][vc_row ct_row_stretch=&#8221;stretch_row&#8221;][vc_column width=&#8221;1\/6&#8243;][\/vc_column][vc_column width=&#8221;2\/3&#8243;][vc_separator color=&#8221;custom&#8221; border_width=&#8221;4&#8243; el_width=&#8221;10&#8243; accent_color=&#8221;#0069ab&#8221;][vc_single_image image=&#8221;9584&#8243; img_size=&#8221;326&#215;91&#8243; alignment=&#8221;center&#8221;][\/vc_column][vc_column width=&#8221;1\/6&#8243;][\/vc_column][\/vc_row][vc_row ct_row_stretch=&#8221;&#8221;][vc_column][\/vc_column][\/vc_row][vc_row ct_row_stretch=&#8221;stretch_row_content_no_spaces&#8221; ct_bg_color=&#8221;#f8f7f5&#8243; css=&#8221;.vc_custom_1695991026634{padding-top: 50px !important;padding-bottom: 50px !important;}&#8221;][vc_column width=&#8221;1\/4&#8243;][\/vc_column][vc_column width=&#8221;1\/2&#8243;][vc_row_inner][vc_column_inner][\/vc_column_inner][\/vc_row_inner][vc_row_inner][vc_column_inner][vc_column_text] Annual performance reports 2024 RB Terras do Mi\u00f1o Annual performance reports 2023 RB Terras do Mi\u00f1o Annual performance reports 2022 RB Terras do Mi\u00f1o Annual performance reports 2021 &#8230;<\/p>\n","protected":false},"author":2,"featured_media":0,"parent":0,"menu_order":0,"comment_status":"closed","ping_status":"closed","template":"","meta":{"_eb_attr":"","footnotes":""},"class_list":["post-12162","page","type-page","status-publish","hentry"],"_links":{"self":[{"href":"https:\/\/terrasdomino.deputacionlugo.org\/en\/wp-json\/wp\/v2\/pages\/12162","targetHints":{"allow":["GET"]}}],"collection":[{"href":"https:\/\/terrasdomino.deputacionlugo.org\/en\/wp-json\/wp\/v2\/pages"}],"about":[{"href":"https:\/\/terrasdomino.deputacionlugo.org\/en\/wp-json\/wp\/v2\/types\/page"}],"author":[{"embeddable":true,"href":"https:\/\/terrasdomino.deputacionlugo.org\/en\/wp-json\/wp\/v2\/users\/2"}],"replies":[{"embeddable":true,"href":"https:\/\/terrasdomino.deputacionlugo.org\/en\/wp-json\/wp\/v2\/comments?post=12162"}],"version-history":[{"count":4,"href":"https:\/\/terrasdomino.deputacionlugo.org\/en\/wp-json\/wp\/v2\/pages\/12162\/revisions"}],"predecessor-version":[{"id":14076,"href":"https:\/\/terrasdomino.deputacionlugo.org\/en\/wp-json\/wp\/v2\/pages\/12162\/revisions\/14076"}],"wp:attachment":[{"href":"https:\/\/terrasdomino.deputacionlugo.org\/en\/wp-json\/wp\/v2\/media?parent=12162"}],"curies":[{"name":"wp","href":"https:\/\/api.w.org\/{rel}","templated":true}]}}