{"id":10423,"date":"2015-07-03T08:03:04","date_gmt":"2015-07-03T08:03:04","guid":{"rendered":"https:\/\/terrasdomino.deputacionlugo.org\/contacto\/"},"modified":"2023-10-03T11:24:08","modified_gmt":"2023-10-03T11:24:08","slug":"contacto","status":"publish","type":"page","link":"https:\/\/terrasdomino.deputacionlugo.org\/es\/contacto\/","title":{"rendered":"Contacto"},"content":{"rendered":"[vc_row ct_row_stretch=\u00bbstretch_row\u00bb ct_bg_image=\u00bb9250&#8243; ct_bg_position=\u00bbcenter center\u00bb full_width=\u00bbstretch_row\u00bb use_row_as_full_screen_section=\u00bbno\u00bb type=\u00bbgrid\u00bb][vc_column width=\u00bb5\/6&#8243;]<div class=\"ult-spacer spacer-69d69b3e1ee18\" data-id=\"69d69b3e1ee18\" data-height=\"285\" data-height-mobile=\"285\" data-height-tab=\"285\" data-height-tab-portrait=\"\" data-height-mobile-landscape=\"\" style=\"clear:both;display:block;\"><\/div>[\/vc_column][vc_column width=\u00bb5\/6&#8243; css=\u00bb.vc_custom_1684999870929{margin-bottom: 150px !important;margin-left: 13px !important;border-left-width: 4px !important;padding-bottom: 50px !important;padding-left: 41px !important;background-color: rgba(0,105,171,0.57) !important;*background-color: rgb(0,105,171) !important;}\u00bb offset=\u00bbvc_col-lg-7 vc_col-md-10&#8243;]<div id=\"ultimate-heading-101069d69b3e1ee94\" class=\"uvc-heading ult-adjust-bottom-margin ultimate-heading-101069d69b3e1ee94 uvc-7297 \" data-hspacer=\"no_spacer\"  data-halign=\"left\" style=\"text-align:left\"><div class=\"uvc-heading-spacer no_spacer\" style=\"top\"><\/div><div class=\"uvc-main-heading ult-responsive\"  data-ultimate-target='.uvc-heading.ultimate-heading-101069d69b3e1ee94 h2'  data-responsive-json-new='{\"font-size\":\"desktop:30px;\",\"line-height\":\"\"}' ><h2 style=\"font-weight:bold;color:#ffffff;margin-top:50px;margin-bottom:25px;\">RESERVA DE LA BIOSFERA TERRAS DO MI\u00d1O<\/h2><\/div><\/div>[vc_row_inner][vc_column_inner width=\u00bb1\/2&#8243;]<div class=\"uavc-list-icon uavc-list-icon-wrapper ult-adjust-bottom-margin   \"><ul class=\"uavc-list\"><li><div class=\"uavc-list-content\" id=\"list-icon-wrap-3829\">\n<div class=\"uavc-list-icon  \" data-animation=\"\" data-animation-delay=\"03\" style=\"margin-right:15px;\"><div class=\"ult-just-icon-wrapper  \"><div class=\"align-icon\" style=\"text-align:center;\">\n<div class=\"aio-icon none \"  style=\"color:#ffffff;font-size:16px;display:inline-block;\">\n\t<i class=\"Defaults-neuter\"><\/i>\n<\/div><\/div><\/div>\n<\/div><span  data-ultimate-target='#list-icon-wrap-3829 .uavc-list-desc'  data-responsive-json-new='{\"font-size\":\"\",\"line-height\":\"\"}'  class=\"uavc-list-desc ult-responsive\" style=\"\"><span style=\"color: #ffffff;\">LUGO<\/span><\/span><\/div><\/li><li><div class=\"uavc-list-content\" id=\"list-icon-wrap-1304\">\n<div class=\"uavc-list-icon  \" data-animation=\"\" data-animation-delay=\"03\" style=\"margin-right:15px;\"><div class=\"ult-just-icon-wrapper  \"><div class=\"align-icon\" style=\"text-align:center;\">\n<div class=\"aio-icon none \"  style=\"color:#ffffff;font-size:16px;display:inline-block;\">\n\t<i class=\"Defaults-map-marker\"><\/i>\n<\/div><\/div><\/div>\n<\/div><span  data-ultimate-target='#list-icon-wrap-1304 .uavc-list-desc'  data-responsive-json-new='{\"font-size\":\"\",\"line-height\":\"\"}'  class=\"uavc-list-desc ult-responsive\" style=\"\"><span style=\"color: #ffffff;\">Coordenadas:<\/span><br \/>\n<span style=\"color: #ffffff;\">43\u00ba 11&#8242; 26.6&#8243; N &#8211; 7\u00ba 31&#8242; 48.5&#8243; W<\/span><\/p>\n<\/span><\/div><\/li><\/ul><\/div>[\/vc_column_inner][vc_column_inner width=\u00bb1\/2&#8243;]<div id=\"ultimate-heading-449369d69b3e1f0f7\" class=\"uvc-heading ult-adjust-bottom-margin ultimate-heading-449369d69b3e1f0f7 uvc-6900 \" data-hspacer=\"no_spacer\"  data-halign=\"left\" style=\"text-align:left\"><div class=\"uvc-heading-spacer no_spacer\" style=\"top\"><\/div><div class=\"uvc-sub-heading ult-responsive\"  data-ultimate-target='.uvc-heading.ultimate-heading-449369d69b3e1f0f7 .uvc-sub-heading '  data-responsive-json-new='{\"font-size\":\"desktop:14px;\",\"line-height\":\"desktop:25px;\"}'  style=\"font-weight:normal;color:#ffffff;\"><span style=\"color: #ffffff;\"><a style=\"color: #ffffff;\" href=\"https:\/\/www.concellodapastoriza.es\/portal_localweb\/p_84_contenedor1_ayto_apastoriza.jsp?seccion=s_fdes_d4_v2.jsp&amp;codbusqueda=133&amp;language=es&amp;codResi=2&amp;codMenuPN=28&amp;codMenuSN=119&amp;codMenu=477&amp;layout=p_84_contenedor1_ayto_apastoriza.jsp&amp;level=1\" target=\"_blank\" rel=\"noopener\">A Pastoriza<\/a> | <a style=\"color: #ffffff;\" href=\"https:\/\/www.abadin.es\/\" target=\"_blank\" rel=\"noopener\">Abad\u00edn<\/a> | <a style=\"color: #ffffff;\" href=\"https:\/\/www.concellodealfoz.com\/servizos-municipais.html\" target=\"_blank\" rel=\"noopener\">Alfoz<\/a> | <a style=\"color: #ffffff;\" href=\"https:\/\/www.concellobaralla.es\/portal_localweb\/p_100_contenedor_ayto_baralla.jsp?seccion=s_fdes_d4_v2.jsp&amp;codbusqueda=472&amp;language=gl&amp;codResi=4&amp;codMenuPN=172&amp;codMenu=208&amp;layout=p_100_contenedor_ayto_baralla.jsp&amp;layout=p_100_contenedor_ayto_baralla.jsp&amp;level=1\" target=\"_blank\" rel=\"noopener\">Baralla<\/a> | <a style=\"color: #ffffff;\" href=\"https:\/\/www.concellodebegonte.es\/es\/contacto\" target=\"_blank\" rel=\"noopener\">Begonte<\/a> | <a style=\"color: #ffffff;\" href=\"https:\/\/www.castroderei.gal\/es\/contacto\/\" target=\"_blank\" rel=\"noopener\">Castro de Rei<\/a> | <a style=\"color: #ffffff;\" href=\"https:\/\/concellodecastroverde.gal\/o-concello\/contacto\/\" target=\"_blank\" rel=\"noopener\">Castroverde<\/a> | <a style=\"color: #ffffff;\" href=\"https:\/\/www.concellodecospeito.es\/es\/contacto\/\" target=\"_blank\" rel=\"noopener\">Cospeito<\/a> | <a style=\"color: #ffffff;\" href=\"https:\/\/www.concellodefriol.es\/seccion\/51\/51\/Contacto.html\" target=\"_blank\" rel=\"noopener\">Friol<\/a> | <a style=\"color: #ffffff;\" href=\"https:\/\/concellodeguitiriz.com\/contacto\/\" target=\"_blank\" rel=\"noopener\">Guitiriz<\/a> | <a style=\"color: #ffffff;\" href=\"https:\/\/www.guntin.es\/contacto\" target=\"_blank\" rel=\"noopener\">Gunt\u00edn<\/a> | <a style=\"color: #ffffff;\" href=\"https:\/\/concellodelugo.gal\/es\/form\/contacto\" target=\"_blank\" rel=\"noopener\">Lugo<\/a> | <a style=\"color: #ffffff;\" href=\"https:\/\/www.concellodelancara.com\/es\/contact\" target=\"_blank\" rel=\"noopener\">L\u00e1ncara<\/a> | <a style=\"color: #ffffff;\" href=\"https:\/\/concellodemeira.com\/\" target=\"_blank\" rel=\"noopener\">Meira<\/a> | <a style=\"color: #ffffff;\" href=\"https:\/\/www.concellomondonedo.es\/portal_localweb\/p_101_contenedor1_ayto_mondonedo.jsp?seccion=s_fdes_d4_v2.jsp&amp;codbusqueda=151&amp;language=gl&amp;codResi=5&amp;codMenuPN=234&amp;codMenu=239&amp;layout=p_101_contenedor1_ayto_mondonedo.jsp&amp;layout=p_101_contenedor1_ayto_mondonedo.jsp&amp;level=1\" target=\"_blank\" rel=\"noopener\">Mondo\u00f1edo<\/a> | <a style=\"color: #ffffff;\" href=\"https:\/\/muras.gal\/para-o-viaxeiro\/onde-estamos\/\" target=\"_blank\" rel=\"noopener\">Muras<\/a> | <a style=\"color: #ffffff;\" href=\"https:\/\/www.concellodocorgo.com\/contacto\/\" target=\"_blank\" rel=\"noopener\">O Corgo<\/a> | <a style=\"color: #ffffff;\" href=\"https:\/\/www.concellodeparamo.es\/portal_localweb\/p_156_contenedor1_ayto_paramo.jsp?seccion=s_fdes_d4_v2.jsp&amp;codbusqueda=349&amp;language=gl&amp;codResi=8&amp;codMenuPN=407&amp;codMenu=400&amp;layout=p_156_contenedor1_ayto_paramo.jsp&amp;layout=p_156_contenedor1_ayto_paramo.jsp&amp;level=1\" target=\"_blank\" rel=\"noopener\">O P\u00e1ramo<\/a> | <a style=\"color: #ffffff;\" href=\"https:\/\/www.valadouro.gal\/es\/contacto\/\" target=\"_blank\" rel=\"noopener\">O Valadouro<\/a> | <a style=\"color: #ffffff;\" href=\"https:\/\/www.concellodeourol.es\/es\/inicio\/\" target=\"_blank\" rel=\"noopener\">Ourol<\/a> | <a style=\"color: #ffffff;\" href=\"https:\/\/outeiroderei.gal\/es\/\" target=\"_blank\" rel=\"noopener\">Outeiro de Rei<\/a> | <a style=\"color: #ffffff;\" href=\"https:\/\/www.concellopol.es\/portal_localweb\/p_78_principal_ayto_pol.jsp?language=es&amp;codResi=15\" target=\"_blank\" rel=\"noopener\">Pol<\/a> | <a style=\"color: #ffffff;\" href=\"https:\/\/concelloderiotorto.gal\/index.php\/es\/contacto\" target=\"_blank\" rel=\"noopener\">Riotorto<\/a> | <a style=\"color: #ffffff;\" href=\"https:\/\/www.concellorabade.es\/portal_localweb\/p_115_contenedor_ayto_rabade.jsp?seccion=s_fdes_d4_v2.jsp&amp;codbusqueda=239&amp;language=es&amp;codResi=7&amp;codMenuPN=312&amp;codMenu=562&amp;layout=p_115_contenedor_ayto_rabade.jsp&amp;layout=p_115_contenedor_ayto_rabade.jsp&amp;level=1\" target=\"_blank\" rel=\"noopener\">R\u00e1bade<\/a> | <a style=\"color: #ffffff;\" href=\"https:\/\/www.vilalba.gal\/es\/contacto\/\" target=\"_blank\" rel=\"noopener\">Vilalba<\/a> | <\/span><a href=\"https:\/\/www.xermade.org\/contacto\/?lang=es\" target=\"_blank\" rel=\"noopener\"><span style=\"color: #ffffff;\">Xermade<\/span><\/a><\/div><\/div>[\/vc_column_inner][\/vc_row_inner][\/vc_column][vc_column width=\u00bb5\/6&#8243;]<div class=\"ult-spacer spacer-69d69b3e1f12e\" data-id=\"69d69b3e1f12e\" data-height=\"70\" data-height-mobile=\"70\" data-height-tab=\"70\" data-height-tab-portrait=\"\" data-height-mobile-landscape=\"\" style=\"clear:both;display:block;\"><\/div>[\/vc_column][\/vc_row][vc_row ct_row_stretch=\u00bb\u00bb use_row_as_full_screen_section=\u00bbno\u00bb type=\u00bbgrid\u00bb][vc_column]<div class=\"ult-spacer spacer-69d69b3e1f14f\" data-id=\"69d69b3e1f14f\" data-height=\"95\" data-height-mobile=\"45\" data-height-tab=\"\" data-height-tab-portrait=\"\" data-height-mobile-landscape=\"45\" style=\"clear:both;display:block;\"><\/div>[\/vc_column][vc_column offset=\u00bbvc_col-md-8&#8243;]\n<div class=\"wpcf7 no-js\" id=\"wpcf7-f11733-o1\" lang=\"es-ES\" dir=\"ltr\" data-wpcf7-id=\"11733\">\n<div class=\"screen-reader-response\"><p role=\"status\" aria-live=\"polite\" aria-atomic=\"true\"><\/p> <ul><\/ul><\/div>\n<form action=\"\/es\/wp-json\/wp\/v2\/pages\/10423#wpcf7-f11733-o1\" method=\"post\" class=\"wpcf7-form init\" aria-label=\"Formulario de contacto\" novalidate=\"novalidate\" data-status=\"init\">\n<div style=\"display: none;\">\n<input type=\"hidden\" name=\"_wpcf7\" value=\"11733\" \/>\n<input type=\"hidden\" name=\"_wpcf7_version\" value=\"6.0.5\" \/>\n<input type=\"hidden\" name=\"_wpcf7_locale\" value=\"es_ES\" \/>\n<input type=\"hidden\" name=\"_wpcf7_unit_tag\" value=\"wpcf7-f11733-o1\" \/>\n<input type=\"hidden\" name=\"_wpcf7_container_post\" value=\"0\" \/>\n<input type=\"hidden\" name=\"_wpcf7_posted_data_hash\" value=\"\" \/>\n<\/div>\n<p><span class=\"wpcf7-form-control-wrap\" data-name=\"your-message\"><textarea cols=\"40\" rows=\"10\" maxlength=\"2000\" class=\"wpcf7-form-control wpcf7-textarea form-control\" aria-invalid=\"false\" name=\"your-message\"><\/textarea><\/span>\n<\/p>\n<div class=\"form-inline controls\">\n\t<p><span class=\"wpcf7-form-control-wrap\" data-name=\"your-name\"><input size=\"40\" maxlength=\"400\" class=\"wpcf7-form-control wpcf7-text wpcf7-validates-as-required form-control floatLabel\" aria-required=\"true\" aria-invalid=\"false\" value=\"\" type=\"text\" name=\"your-name\" \/><\/span><label class=\"controls__label\" for=\"your-name\">Nombre*<\/label>\n\t<\/p>\n\t<p><span class=\"wpcf7-form-control-wrap\" data-name=\"your-website\"><input size=\"40\" maxlength=\"400\" class=\"wpcf7-form-control wpcf7-text wpcf7-validates-as-required form-control floatLabel\" aria-required=\"true\" aria-invalid=\"false\" value=\"\" type=\"text\" name=\"your-website\" \/><\/span><label class=\"controls__label\" for=\"your-website\">Apellidos*<\/label>\n\t<\/p>\n\t<p><span class=\"wpcf7-form-control-wrap\" data-name=\"your-email\"><input size=\"40\" maxlength=\"400\" class=\"wpcf7-form-control wpcf7-email wpcf7-validates-as-required wpcf7-text wpcf7-validates-as-email form-control contact-us__form__input floatLabel\" aria-required=\"true\" aria-invalid=\"false\" value=\"\" type=\"email\" name=\"your-email\" \/><\/span><label class=\"controls__label\" for=\"your-email\">email*<\/label>\n\t<\/p>\n<\/div>\n<p><input class=\"wpcf7-form-control wpcf7-submit has-spinner btn dark-btn\" type=\"submit\" value=\"ENVIAR\" \/>\n<\/p><div class=\"wpcf7-response-output\" aria-hidden=\"true\"><\/div>\n<\/form>\n<\/div>\n<div class=\"ult-spacer spacer-69d69b3e1ff4c\" data-id=\"69d69b3e1ff4c\" data-height=\"95\" data-height-mobile=\"35\" data-height-tab=\"\" data-height-tab-portrait=\"35\" data-height-mobile-landscape=\"35\" style=\"clear:both;display:block;\"><\/div>[\/vc_column][vc_column offset=\u00bbvc_col-md-4&#8243;]<div id=\"ultimate-heading-201969d69b3e1ff86\" class=\"uvc-heading ult-adjust-bottom-margin ultimate-heading-201969d69b3e1ff86 uvc-4451 \" data-hspacer=\"no_spacer\"  data-halign=\"left\" style=\"text-align:left\"><div class=\"uvc-heading-spacer no_spacer\" style=\"top\"><\/div><div class=\"uvc-main-heading ult-responsive\"  data-ultimate-target='.uvc-heading.ultimate-heading-201969d69b3e1ff86 h2'  data-responsive-json-new='{\"font-size\":\"desktop:19px;\",\"line-height\":\"desktop:25px;\"}' ><h2 style=\"font-weight:bold;color:#000000;margin-bottom:30px;\">TEL\u00c9FONOS DE INTER\u00c9S<\/h2><\/div><div class=\"uvc-sub-heading ult-responsive\"  data-ultimate-target='.uvc-heading.ultimate-heading-201969d69b3e1ff86 .uvc-sub-heading '  data-responsive-json-new='{\"font-size\":\"desktop:14px;\",\"line-height\":\"desktop:25px;\"}'  style=\"font-weight:normal;color:#686868;\">Reserva de la Biosfera Terras do Mi\u00f1o &#8211; Servicio de Medio Ambiente 982 227 813<br \/>\nCentro de Interpretaci\u00f3n Terras do Mi\u00f1o 982 305 930<br \/>\nDiputaci\u00f3n de Lugo 982 260 000<\/p>\n<p>CORREO ELECTR\u00d3NICO<br \/>\n<a href=\"mailto:terrasdomino@deputacionlugo.org\">terrasdomino@deputacionlugo.org<\/a><\/p>\n<p>\u00bfC\u00f3mo podemos ayudarte?<br \/>\n\u00a1Escr\u00edbenos!<\/div><\/div><div class=\"ult-spacer spacer-69d69b3e1ffba\" data-id=\"69d69b3e1ffba\" data-height=\"\" data-height-mobile=\"35\" data-height-tab=\"\" data-height-tab-portrait=\"50\" data-height-mobile-landscape=\"35\" style=\"clear:both;display:block;\"><\/div>[\/vc_column][\/vc_row][vc_row ct_row_stretch=\u00bb\u00bb][vc_column]<div class=\"ult-spacer spacer-69d69b3e1ffea\" data-id=\"69d69b3e1ffea\" data-height=\"60\" data-height-mobile=\"20\" data-height-tab=\"40\" data-height-tab-portrait=\"40\" data-height-mobile-landscape=\"20\" style=\"clear:both;display:block;\"><\/div>[\/vc_column][\/vc_row][vc_row ct_row_stretch=\u00bb\u00bb][vc_column width=\u00bb1\/5&#8243;][vc_single_image image=\u00bb10448&#8243; img_size=\u00bbfull\u00bb][\/vc_column][vc_column width=\u00bb1\/5&#8243;][vc_single_image image=\u00bb9595&#8243; img_size=\u00bbfull\u00bb][\/vc_column][vc_column width=\u00bb1\/5&#8243;][vc_single_image image=\u00bb10452&#8243; img_size=\u00bbfull\u00bb][\/vc_column][vc_column width=\u00bb1\/5&#8243;][vc_single_image image=\u00bb10458&#8243; img_size=\u00bbfull\u00bb][\/vc_column][vc_column width=\u00bb1\/5&#8243;][vc_single_image image=\u00bb10462&#8243; img_size=\u00bbfull\u00bb][\/vc_column][\/vc_row][vc_row ct_row_stretch=\u00bb\u00bb][vc_column]<div class=\"ult-spacer spacer-69d69b3e20012\" data-id=\"69d69b3e20012\" data-height=\"60\" data-height-mobile=\"20\" data-height-tab=\"40\" data-height-tab-portrait=\"40\" data-height-mobile-landscape=\"20\" style=\"clear:both;display:block;\"><\/div>[\/vc_column][\/vc_row][vc_row ct_row_stretch=\u00bb\u00bb][vc_column][vc_column_text]\n<p style=\"text-align: center;\"><em><span style=\"font-size: 10.0pt; font-family: 'Verdana','sans-serif';\">Este trabajo fue financiado \u00edntegramente por los fondos Next Generation de la Uni\u00f3n Europea a trav\u00e9s de la subvenci\u00f3n convocada por la Xunta de Galicia \u201cAyudas para actuaciones por parte de los \u00f3rganos de gesti\u00f3n de las reservas de la biosfera de Galicia con cargo al Plan de Recuperaci\u00f3n, Transformaci\u00f3n y Resiliencia, financiado por la Uni\u00f3n Europea-NextGenerationEU, para los a\u00f1os 2022 y 2023\u201d. Con todo, los puntos de vista y las opiniones expresadas son \u00fanicamente los del autor o autores y no reflejan necesariamente los de la Uni\u00f3n Europea o la Comisi\u00f3n Europea. Ni la Uni\u00f3n Europea ni la Comisi\u00f3n Europea son responsables de ellas.<\/span><\/em><\/p>\n[\/vc_column_text][\/vc_column][\/vc_row][vc_row ct_row_stretch=\u00bb\u00bb][vc_column]<div class=\"ult-spacer spacer-69d69b3e2002c\" data-id=\"69d69b3e2002c\" data-height=\"60\" data-height-mobile=\"20\" data-height-tab=\"40\" data-height-tab-portrait=\"40\" data-height-mobile-landscape=\"20\" style=\"clear:both;display:block;\"><\/div>[\/vc_column][\/vc_row]\n","protected":false},"excerpt":{"rendered":"<p>[vc_row ct_row_stretch=\u00bbstretch_row\u00bb ct_bg_image=\u00bb9250&#8243; ct_bg_position=\u00bbcenter center\u00bb full_width=\u00bbstretch_row\u00bb use_row_as_full_screen_section=\u00bbno\u00bb type=\u00bbgrid\u00bb][vc_column width=\u00bb5\/6&#8243;][\/vc_column][vc_column width=\u00bb5\/6&#8243; css=\u00bb.vc_custom_1684999870929{margin-bottom: 150px !important;margin-left: 13px !important;border-left-width: 4px !important;padding-bottom: 50px !important;padding-left: 41px !important;background-color: rgba(0,105,171,0.57) !important;*background-color: rgb(0,105,171) !important;}\u00bb offset=\u00bbvc_col-lg-7 vc_col-md-10&#8243;][vc_row_inner][vc_column_inner width=\u00bb1\/2&#8243;][\/vc_column_inner][vc_column_inner width=\u00bb1\/2&#8243;][\/vc_column_inner][\/vc_row_inner][\/vc_column][vc_column width=\u00bb5\/6&#8243;][\/vc_column][\/vc_row][vc_row ct_row_stretch=\u00bb\u00bb use_row_as_full_screen_section=\u00bbno\u00bb type=\u00bbgrid\u00bb][vc_column][\/vc_column][vc_column offset=\u00bbvc_col-md-8&#8243;][\/vc_column][vc_column offset=\u00bbvc_col-md-4&#8243;][\/vc_column][\/vc_row][vc_row ct_row_stretch=\u00bb\u00bb][vc_column][\/vc_column][\/vc_row][vc_row ct_row_stretch=\u00bb\u00bb][vc_column width=\u00bb1\/5&#8243;][vc_single_image image=\u00bb10448&#8243; img_size=\u00bbfull\u00bb][\/vc_column][vc_column width=\u00bb1\/5&#8243;][vc_single_image image=\u00bb9595&#8243; img_size=\u00bbfull\u00bb][\/vc_column][vc_column width=\u00bb1\/5&#8243;][vc_single_image image=\u00bb10452&#8243; img_size=\u00bbfull\u00bb][\/vc_column][vc_column width=\u00bb1\/5&#8243;][vc_single_image image=\u00bb10458&#8243; img_size=\u00bbfull\u00bb][\/vc_column][vc_column width=\u00bb1\/5&#8243;][vc_single_image image=\u00bb10462&#8243; img_size=\u00bbfull\u00bb][\/vc_column][\/vc_row][vc_row ct_row_stretch=\u00bb\u00bb][vc_column][\/vc_column][\/vc_row][vc_row ct_row_stretch=\u00bb\u00bb][vc_column][vc_column_text] Este &#8230;<\/p>\n","protected":false},"author":2,"featured_media":0,"parent":0,"menu_order":0,"comment_status":"closed","ping_status":"closed","template":"","meta":{"_eb_attr":"","footnotes":""},"class_list":["post-10423","page","type-page","status-publish","hentry"],"_links":{"self":[{"href":"https:\/\/terrasdomino.deputacionlugo.org\/es\/wp-json\/wp\/v2\/pages\/10423","targetHints":{"allow":["GET"]}}],"collection":[{"href":"https:\/\/terrasdomino.deputacionlugo.org\/es\/wp-json\/wp\/v2\/pages"}],"about":[{"href":"https:\/\/terrasdomino.deputacionlugo.org\/es\/wp-json\/wp\/v2\/types\/page"}],"author":[{"embeddable":true,"href":"https:\/\/terrasdomino.deputacionlugo.org\/es\/wp-json\/wp\/v2\/users\/2"}],"replies":[{"embeddable":true,"href":"https:\/\/terrasdomino.deputacionlugo.org\/es\/wp-json\/wp\/v2\/comments?post=10423"}],"version-history":[{"count":6,"href":"https:\/\/terrasdomino.deputacionlugo.org\/es\/wp-json\/wp\/v2\/pages\/10423\/revisions"}],"predecessor-version":[{"id":12894,"href":"https:\/\/terrasdomino.deputacionlugo.org\/es\/wp-json\/wp\/v2\/pages\/10423\/revisions\/12894"}],"wp:attachment":[{"href":"https:\/\/terrasdomino.deputacionlugo.org\/es\/wp-json\/wp\/v2\/media?parent=10423"}],"curies":[{"name":"wp","href":"https:\/\/api.w.org\/{rel}","templated":true}]}}