{"id":11758,"date":"2023-08-03T08:40:21","date_gmt":"2023-08-03T08:40:21","guid":{"rendered":"https:\/\/terrasdomino.deputacionlugo.org\/op-miembros\/"},"modified":"2026-04-14T08:39:03","modified_gmt":"2026-04-14T08:39:03","slug":"op-miembros","status":"publish","type":"page","link":"https:\/\/terrasdomino.deputacionlugo.org\/es\/op-miembros\/","title":{"rendered":"op-miembros"},"content":{"rendered":"[vc_row ct_row_stretch=\u00bbstretch_row\u00bb content_placement=\u00bbmiddle\u00bb ct_bg_image=\u00bb9215&#8243; ct_bg_repeat=\u00bbno-repeat\u00bb ct_bg_size=\u00bbcover\u00bb][vc_column]<div class=\"ult-spacer spacer-69dfcfb91f7f0\" data-id=\"69dfcfb91f7f0\" data-height=\"49\" data-height-mobile=\"\" data-height-tab=\"20\" data-height-tab-portrait=\"\" data-height-mobile-landscape=\"15\" style=\"clear:both;display:block;\"><\/div><div id=\"ultimate-heading-527869dfcfb91f84f\" class=\"uvc-heading ult-adjust-bottom-margin ultimate-heading-527869dfcfb91f84f uvc-8375 \" data-hspacer=\"no_spacer\"  data-halign=\"center\" style=\"text-align:center\"><div class=\"uvc-heading-spacer no_spacer\" style=\"top\"><\/div><div class=\"uvc-main-heading ult-responsive\"  data-ultimate-target='.uvc-heading.ultimate-heading-527869dfcfb91f84f h1'  data-responsive-json-new='{\"font-size\":\"desktop:115px;tablet:45px;tablet_portrait:40px;mobile_landscape:30px;mobile:30px;\",\"line-height\":\"\"}' ><h1 style=\"font-weight:bold;color:#ffffff;\">TERRAS DO MI\u00d1O<\/h1><\/div><\/div><div id=\"ultimate-heading-677569dfcfb91f89c\" class=\"uvc-heading ult-adjust-bottom-margin ultimate-heading-677569dfcfb91f89c uvc-5212 \" data-hspacer=\"no_spacer\"  data-halign=\"center\" style=\"text-align:center\"><div class=\"uvc-heading-spacer no_spacer\" style=\"top\"><\/div><div class=\"uvc-sub-heading ult-responsive\"  data-ultimate-target='.uvc-heading.ultimate-heading-677569dfcfb91f89c .uvc-sub-heading '  data-responsive-json-new='{\"font-size\":\"desktop:35px;tablet:45px;tablet_portrait:45px;mobile_landscape:15px;mobile:15px;\",\"line-height\":\"desktop:38px;tablet:38px;tablet_portrait:38px;mobile_landscape:30px;mobile:30px;\"}'  style=\"font-family:&#039;Open Sans&#039;;font-weight:600;color:#ffffff;\">\n<p style=\"text-align: center;\">RESERVA DE LA BIOSFERA<\/p>\n<\/div><\/div><div class=\"ult-spacer spacer-69dfcfb91f8d6\" data-id=\"69dfcfb91f8d6\" data-height=\"110\" data-height-mobile=\"55\" data-height-tab=\"\" data-height-tab-portrait=\"\" data-height-mobile-landscape=\"55\" style=\"clear:both;display:block;\"><\/div>[\/vc_column][\/vc_row][vc_row ct_row_stretch=\u00bbstretch_row\u00bb][vc_column width=\u00bb1\/6&#8243;]<div class=\"ult-animation  ult-animate-viewport  ult-no-mobile \" data-animate=\"fadeInUp\" data-animation-delay=\"0\" data-animation-duration=\"1\" data-animation-iteration=\"1\" style=\"opacity:0;\" data-opacity_start_effect=\"\"><\/div>[\/vc_column][vc_column width=\u00bb2\/3&#8243;]<div class=\"ult-spacer spacer-69dfcfb91f91b\" data-id=\"69dfcfb91f91b\" data-height=\"139\" data-height-mobile=\"\" data-height-tab=\"100\" data-height-tab-portrait=\"\" data-height-mobile-landscape=\"40\" style=\"clear:both;display:block;\"><\/div><div id=\"ultimate-heading-243369dfcfb91f946\" class=\"uvc-heading ult-adjust-bottom-margin ultimate-heading-243369dfcfb91f946 uvc-3830 \" data-hspacer=\"line_only\"  data-halign=\"center\" style=\"text-align:center\"><div class=\"uvc-main-heading ult-responsive\"  data-ultimate-target='.uvc-heading.ultimate-heading-243369dfcfb91f946 h2'  data-responsive-json-new='{\"font-size\":\"desktop:35px;\",\"line-height\":\"\"}' ><h2 style=\"font-family:&#039;Montserrat&#039;;font-weight:700;color:#232829;margin-bottom:8px;\">\u00d3RGANO DE PARTICIPACI\u00d3N<\/h2><\/div><div class=\"uvc-heading-spacer line_only\" style=\"topheight:4px;\"><span class=\"uvc-headings-line\" style=\"border-style:solid;border-bottom-width:4px;border-color:#0069ab;width:75px;\"><\/span><\/div><\/div><div class=\"ult-spacer spacer-69dfcfb91f974\" data-id=\"69dfcfb91f974\" data-height=\"5\" data-height-mobile=\"5\" data-height-tab=\"5\" data-height-tab-portrait=\"\" data-height-mobile-landscape=\"\" style=\"clear:both;display:block;\"><\/div>[vc_single_image image=\u00bb9585&#8243; img_size=\u00bb326&#215;91&#8243; alignment=\u00bbcenter\u00bb][\/vc_column][vc_column width=\u00bb1\/6&#8243;][\/vc_column][\/vc_row][vc_row ct_row_stretch=\u00bb\u00bb][vc_column]<div class=\"ult-spacer spacer-69dfcfb91f992\" data-id=\"69dfcfb91f992\" data-height=\"40\" data-height-mobile=\"20\" data-height-tab=\"40\" data-height-tab-portrait=\"40\" data-height-mobile-landscape=\"20\" style=\"clear:both;display:block;\"><\/div>[\/vc_column][\/vc_row][vc_row ct_row_stretch=\u00bbstretch_row_content_no_spaces\u00bb ct_bg_color=\u00bb#f8f7f5&#8243; css=\u00bb.vc_custom_1695987850723{padding-top: 50px !important;padding-bottom: 50px !important;}\u00bb][vc_column width=\u00bb1\/4&#8243;][\/vc_column][vc_column width=\u00bb1\/2&#8243;][vc_row_inner][vc_column_inner][\/vc_column_inner][\/vc_row_inner]<div class=\"ult-spacer spacer-69dfcfb91f9ad\" data-id=\"69dfcfb91f9ad\" data-height=\"50\" data-height-mobile=\"30\" data-height-tab=\"30\" data-height-tab-portrait=\"30\" data-height-mobile-landscape=\"30\" style=\"clear:both;display:block;\"><\/div>[vc_row_inner][vc_column_inner][vc_column_text]\n<p style=\"text-align: center;\"><strong>COMPOSICI\u00d3N DEL \u00d3RGANO DE PARTICIPACI\u00d3N<\/strong><\/p>\n<p style=\"text-align: center;\"><strong>Presidente<\/strong>: Presidente de la Diputaci\u00f3n de Lugo<\/p>\n<p style=\"text-align: center;\"><strong>Vocales<\/strong>:<br \/>\n1. Representante del Grupo Provincial Popular<br \/>\n2. Representante del Grupo Provincial del BNG<br \/>\n3. Representante del Grupo Provincial Socialista<br \/>\n4. Representante del Ayuntamiento de A Pastoriza<br \/>\n5. Representante del Ayuntamiento de Abad\u00edn<br \/>\n6. Representante del Ayuntamiento de Alfoz<br \/>\n7. Representante del Ayuntamiento de Baralla<br \/>\n8. Representante del Ayuntamiento de Begonte<br \/>\n9. Representante del Ayuntamiento de Castro de Rei<br \/>\n10. Representante del Ayuntamiento de Castroverde<br \/>\n11. Representante del Ayuntamiento de Cospeito<br \/>\n12. Representante del Ayuntamiento de Friol<br \/>\n13. Representante del Ayuntamiento de Guitiriz<br \/>\n14. Representante del Ayuntamiento de Gunt\u00edn<br \/>\n15. Representante del Ayuntamiento de L\u00e1ncara<br \/>\n16. Representante del Ayuntamiento de Lugo<br \/>\n17. Representante del Ayuntamiento de Meira<br \/>\n18. Representante del Ayuntamiento de Mondo\u00f1edo<br \/>\n19. Representante del Ayuntamiento de Muras<br \/>\n20. Representante del Ayuntamiento de O Corgo<br \/>\n21. Representante del Ayuntamiento de O P\u00e1ramo<br \/>\n22. Representante del Ayuntamiento de O Valadouro<br \/>\n23. Representante del Ayuntamiento de Ourol<br \/>\n24. Representante del Ayuntamiento de Outeiro de Rei<br \/>\n25. Representante del Ayuntamiento de Pol<br \/>\n26. Representante del Ayuntamiento de R\u00e1bade<br \/>\n27. Representante del Ayuntamiento de Riotorto<br \/>\n28. Representante del Ayuntamiento de Vilalba<br \/>\n29. Representante del Ayuntamiento de Xermade<br \/>\n30. Representante de la Asociaci\u00f3n Revolta Natural<br \/>\n31. Representante del Tecor de Caza Riotorto<br \/>\n32. Representante de la Asociaci\u00f3n Medioambiental de Riotorto<br \/>\n33. Representante de la Sociedade Galega de Historia Natural (SGHN)<br \/>\n34. Representante de la Agrupaci\u00f3n de Asociaci\u00f3ns de Veci\u00f1os de Lugo (AGRUPALUGO)<br \/>\n35. Representante de la Asociaci\u00f3n para a Defensa Ecol\u00f3xica de Galiza (ADEGA)<br \/>\n36. Representante del Sindicato Labrego Galego<br \/>\n37. Representante de la Comunidad de Montes en Man Com\u00fan de Amor\u00edn e Carqueixas<br \/>\n38. Representante de la Comunidad de Montes en Man Com\u00fan de Santo Estevo de Parga<br \/>\n39. Representante de la Comunidad de Montes en Man Com\u00fan de San Xuli\u00e1n de Roca<br \/>\n40. Representante de la Asociaci\u00f3n Espa\u00f1ola Contra el C\u00e1ncer (Junta Local de Guitiriz)<br \/>\n41. Representante de la Asociaci\u00f3n Cultural e Medioambiental dos Veci\u00f1os de San Xuli\u00e1n de Bec\u00edn<br \/>\n42. Representante de la Asociaci\u00f3n Cultural Arrincadeira de Riotorto<br \/>\n43. Representante de la Asociaci\u00f3n Galega de Custodia do Territorio<br \/>\n44. Representante de la Asociaci\u00f3n Cultural Amigos do Patrimonio de Castroverde<br \/>\n45. Representante de la Sociedade Micol\u00f3xica Lucus<br \/>\n46. Representante de la Asociaci\u00f3n de Desenvolvemento Comarcal da Terra Cha<br \/>\n47. Representante de la Asociaci\u00f3n Montes e Vales Orientais<br \/>\n48. Representante de la Asociaci\u00f3n Espazo Agroecol\u00f3xico A Estruga<br \/>\n49. Representante de la Asociaci\u00f3n Terras de Miranda<br \/>\n50. Representante de la Asociaci\u00f3n Corripa<br \/>\n51. Representante de la Asociaci\u00f3n Club Pirag\u00fcismo Ciudad de Lugo<br \/>\n52. Representante de la Asociaci\u00f3n de Pescadores Ponte de Areas<br \/>\n53. Representante de la Asociaci\u00f3n Galega de Operadoras Artesanais de Alimentaci\u00f3n e Pensos<br \/>\n54. Representante de la Asociaci\u00f3n de Mulleres Rurais A Xuntanza<br \/>\n55. Representante de la Asociaci\u00f3n Deportiva de Pesca R\u00edo Ladra<br \/>\n56. Representante de la Asociaci\u00f3n Cultural, Agraria e Ambiental Mu\u00ed\u00f1o de Barxa<br \/>\n57. Representante de la Asociaci\u00f3n de Mulleres Rurais Alfinete<br \/>\n58. Representante de la Federaci\u00f3n de Vecinos Lucus Augusti<br \/>\n59. Representante de la Asociaci\u00f3n de Mujeres Rurales Olvido de Pol<br \/>\n60. Representante de la Asociaci\u00f3n Murci\u00e9lagos de Galicia<br \/>\n61. Representante de la Asociaci\u00f3n Cultural Deportiva Lecer de Gamelle<br \/>\n62. Representante de la Asociaci\u00f3n Provincial Lucense de Apicultores<br \/>\n63. Representante de la Asociaci\u00f3n Asociaci\u00f3n Cultural y Deportiva Fortaleza Sport<br \/>\n64. Representante del Club Marcha N\u00f3rdica Nordic Walking Lugo<br \/>\n65. Representante de la Asociaci\u00f3n de Vecinos de San Cosme de Nete<br \/>\n66. Representante de la Asociaci\u00f3n Frondeira<br \/>\n67. Representante de la Asociaci\u00f3n Arboretum Pinetum Lucus Augusti<br \/>\n68. Representante de la Asociaci\u00f3n Sociocultural Medioambiental O Cadaval de Pacios<br \/>\n69. Representante de la Asociaci\u00f3n de Amigos del Museo de Pepe de P\u00edgara<br \/>\n70. Representante de la Asociaci\u00f3n Club Os Troiteiros<br \/>\n71. Representante de la Asociaci\u00f3n de Vecinos de Laxosa \u00abAiramonte\u00bb<br \/>\n72. Representante de la Asociaci\u00f3n de Desarrollo Rural Comarca de Lugo<br \/>\n73. Representante de la Asociaci\u00f3n de Vecinos de la Ribeira do Lea<br \/>\n74. Representante del Club Amigos del R\u00edo Parga<\/p>\n[\/vc_column_text][\/vc_column_inner][\/vc_row_inner][\/vc_column][vc_column width=\u00bb1\/4&#8243;][\/vc_column][\/vc_row][vc_row ct_row_stretch=\u00bb\u00bb][vc_column]<div class=\"ult-spacer spacer-69dfcfb91f9c7\" data-id=\"69dfcfb91f9c7\" data-height=\"120\" data-height-mobile=\"20\" data-height-tab=\"60\" data-height-tab-portrait=\"60\" data-height-mobile-landscape=\"20\" style=\"clear:both;display:block;\"><\/div>[\/vc_column][\/vc_row][vc_row ct_row_stretch=\u00bb\u00bb equal_height=\u00bbyes\u00bb][vc_column width=\u00bb1\/6&#8243;][vc_single_image image=\u00bb10448&#8243; img_size=\u00bbfull\u00bb][\/vc_column][vc_column width=\u00bb1\/6&#8243;][vc_single_image image=\u00bb9595&#8243; img_size=\u00bbfull\u00bb][\/vc_column][vc_column width=\u00bb1\/6&#8243;][vc_single_image image=\u00bb10452&#8243; img_size=\u00bbfull\u00bb][\/vc_column][vc_column width=\u00bb1\/6&#8243;][vc_single_image image=\u00bb10458&#8243; img_size=\u00bbfull\u00bb][\/vc_column][vc_column width=\u00bb1\/6&#8243;][vc_single_image image=\u00bb10462&#8243; img_size=\u00bbfull\u00bb][\/vc_column][vc_column width=\u00bb1\/6&#8243;][vc_single_image image=\u00bb14043&#8243; img_size=\u00bbfull\u00bb][\/vc_column][\/vc_row][vc_row ct_row_stretch=\u00bb\u00bb][vc_column]<div class=\"ult-spacer spacer-69dfcfb91f9e2\" data-id=\"69dfcfb91f9e2\" data-height=\"60\" data-height-mobile=\"20\" data-height-tab=\"40\" data-height-tab-portrait=\"40\" data-height-mobile-landscape=\"20\" style=\"clear:both;display:block;\"><\/div>[\/vc_column][\/vc_row][vc_row ct_row_stretch=\u00bb\u00bb][vc_column][vc_column_text]\n<p style=\"text-align: center;\"><em><span style=\"font-size: 10.0pt; font-family: 'Verdana','sans-serif';\">Este trabajo fue financiado \u00edntegramente por los fondos Next Generation de la Uni\u00f3n Europea a trav\u00e9s de la subvenci\u00f3n convocada por la Xunta de Galicia \u201cAyudas para actuaciones por parte de los \u00f3rganos de gesti\u00f3n de las reservas de la biosfera de Galicia con cargo al Plan de Recuperaci\u00f3n, Transformaci\u00f3n y Resiliencia, financiado por la Uni\u00f3n Europea-NextGenerationEU, para los a\u00f1os 2022 y 2023\u201d. Con todo, los puntos de vista y las opiniones expresadas son \u00fanicamente los del autor o autores y no reflejan necesariamente los de la Uni\u00f3n Europea o la Comisi\u00f3n Europea. Ni la Uni\u00f3n Europea ni la Comisi\u00f3n Europea son responsables de ellas.<\/span><\/em><\/p>\n[\/vc_column_text][\/vc_column][\/vc_row][vc_row ct_row_stretch=\u00bb\u00bb][vc_column]<div class=\"ult-spacer spacer-69dfcfb91f9f9\" data-id=\"69dfcfb91f9f9\" data-height=\"60\" data-height-mobile=\"20\" data-height-tab=\"40\" data-height-tab-portrait=\"40\" data-height-mobile-landscape=\"20\" style=\"clear:both;display:block;\"><\/div>[\/vc_column][\/vc_row]\n","protected":false},"excerpt":{"rendered":"<p>[vc_row ct_row_stretch=\u00bbstretch_row\u00bb content_placement=\u00bbmiddle\u00bb ct_bg_image=\u00bb9215&#8243; ct_bg_repeat=\u00bbno-repeat\u00bb ct_bg_size=\u00bbcover\u00bb][vc_column][\/vc_column][\/vc_row][vc_row ct_row_stretch=\u00bbstretch_row\u00bb][vc_column width=\u00bb1\/6&#8243;][\/vc_column][vc_column width=\u00bb2\/3&#8243;][vc_single_image image=\u00bb9585&#8243; img_size=\u00bb326&#215;91&#8243; alignment=\u00bbcenter\u00bb][\/vc_column][vc_column width=\u00bb1\/6&#8243;][\/vc_column][\/vc_row][vc_row ct_row_stretch=\u00bb\u00bb][vc_column][\/vc_column][\/vc_row][vc_row ct_row_stretch=\u00bbstretch_row_content_no_spaces\u00bb ct_bg_color=\u00bb#f8f7f5&#8243; css=\u00bb.vc_custom_1695987850723{padding-top: 50px !important;padding-bottom: 50px !important;}\u00bb][vc_column width=\u00bb1\/4&#8243;][\/vc_column][vc_column width=\u00bb1\/2&#8243;][vc_row_inner][vc_column_inner][\/vc_column_inner][\/vc_row_inner][vc_row_inner][vc_column_inner][vc_column_text] COMPOSICI\u00d3N DEL \u00d3RGANO DE PARTICIPACI\u00d3N Presidente: Presidente de la Diputaci\u00f3n de Lugo Vocales: 1. Representante del Grupo Provincial Popular 2. Representante del Grupo Provincial del BNG 3. Representante del Grupo Provincial Socialista &#8230;<\/p>\n","protected":false},"author":2,"featured_media":0,"parent":0,"menu_order":0,"comment_status":"closed","ping_status":"closed","template":"","meta":{"_eb_attr":"","footnotes":""},"class_list":["post-11758","page","type-page","status-publish","hentry"],"_links":{"self":[{"href":"https:\/\/terrasdomino.deputacionlugo.org\/es\/wp-json\/wp\/v2\/pages\/11758","targetHints":{"allow":["GET"]}}],"collection":[{"href":"https:\/\/terrasdomino.deputacionlugo.org\/es\/wp-json\/wp\/v2\/pages"}],"about":[{"href":"https:\/\/terrasdomino.deputacionlugo.org\/es\/wp-json\/wp\/v2\/types\/page"}],"author":[{"embeddable":true,"href":"https:\/\/terrasdomino.deputacionlugo.org\/es\/wp-json\/wp\/v2\/users\/2"}],"replies":[{"embeddable":true,"href":"https:\/\/terrasdomino.deputacionlugo.org\/es\/wp-json\/wp\/v2\/comments?post=11758"}],"version-history":[{"count":3,"href":"https:\/\/terrasdomino.deputacionlugo.org\/es\/wp-json\/wp\/v2\/pages\/11758\/revisions"}],"predecessor-version":[{"id":14068,"href":"https:\/\/terrasdomino.deputacionlugo.org\/es\/wp-json\/wp\/v2\/pages\/11758\/revisions\/14068"}],"wp:attachment":[{"href":"https:\/\/terrasdomino.deputacionlugo.org\/es\/wp-json\/wp\/v2\/media?parent=11758"}],"curies":[{"name":"wp","href":"https:\/\/api.w.org\/{rel}","templated":true}]}}