{"id":11763,"date":"2023-08-03T11:30:09","date_gmt":"2023-08-03T11:30:09","guid":{"rendered":"https:\/\/terrasdomino.deputacionlugo.org\/pr-documentos\/"},"modified":"2026-04-14T08:47:05","modified_gmt":"2026-04-14T08:47:05","slug":"pr-documentos","status":"publish","type":"page","link":"https:\/\/terrasdomino.deputacionlugo.org\/es\/pr-documentos\/","title":{"rendered":"pr-documentos"},"content":{"rendered":"[vc_row ct_row_stretch=\u00bbstretch_row\u00bb content_placement=\u00bbmiddle\u00bb ct_bg_image=\u00bb9215&#8243; ct_bg_color_overlay=\u00bbrgba(0,0,0,0.6)\u00bb ct_bg_repeat=\u00bbno-repeat\u00bb ct_bg_size=\u00bbcover\u00bb][vc_column]<div class=\"ult-spacer spacer-69e17fbfe0d3e\" data-id=\"69e17fbfe0d3e\" data-height=\"49\" data-height-mobile=\"\" data-height-tab=\"20\" data-height-tab-portrait=\"\" data-height-mobile-landscape=\"15\" style=\"clear:both;display:block;\"><\/div><div id=\"ultimate-heading-340369e17fbfe0d99\" class=\"uvc-heading ult-adjust-bottom-margin ultimate-heading-340369e17fbfe0d99 uvc-271 \" data-hspacer=\"no_spacer\"  data-halign=\"center\" style=\"text-align:center\"><div class=\"uvc-heading-spacer no_spacer\" style=\"top\"><\/div><div class=\"uvc-main-heading ult-responsive\"  data-ultimate-target='.uvc-heading.ultimate-heading-340369e17fbfe0d99 h1'  data-responsive-json-new='{\"font-size\":\"desktop:115px;tablet:45px;tablet_portrait:40px;mobile_landscape:30px;mobile:30px;\",\"line-height\":\"\"}' ><h1 style=\"font-weight:bold;color:#ffffff;\">TERRAS DO MI\u00d1O<\/h1><\/div><\/div><div id=\"ultimate-heading-845669e17fbfe0de2\" class=\"uvc-heading ult-adjust-bottom-margin ultimate-heading-845669e17fbfe0de2 uvc-6638 \" data-hspacer=\"no_spacer\"  data-halign=\"center\" style=\"text-align:center\"><div class=\"uvc-heading-spacer no_spacer\" style=\"top\"><\/div><div class=\"uvc-sub-heading ult-responsive\"  data-ultimate-target='.uvc-heading.ultimate-heading-845669e17fbfe0de2 .uvc-sub-heading '  data-responsive-json-new='{\"font-size\":\"desktop:35px;tablet:45px;tablet_portrait:45px;mobile_landscape:15px;mobile:15px;\",\"line-height\":\"desktop:38px;tablet:38px;tablet_portrait:38px;mobile_landscape:30px;mobile:30px;\"}'  style=\"font-family:&#039;Open Sans&#039;;font-weight:600;color:#ffffff;\">\n<p style=\"text-align: center;\">RESERVA DE LA BIOSFERA<\/p>\n<\/div><\/div><div class=\"ult-spacer spacer-69e17fbfe0e29\" data-id=\"69e17fbfe0e29\" data-height=\"110\" data-height-mobile=\"55\" data-height-tab=\"\" data-height-tab-portrait=\"\" data-height-mobile-landscape=\"55\" style=\"clear:both;display:block;\"><\/div>[\/vc_column][\/vc_row][vc_row ct_row_stretch=\u00bbstretch_row\u00bb][vc_column width=\u00bb1\/6&#8243;]<div class=\"ult-animation  ult-animate-viewport  ult-no-mobile \" data-animate=\"fadeInUp\" data-animation-delay=\"0\" data-animation-duration=\"1\" data-animation-iteration=\"1\" style=\"opacity:0;\" data-opacity_start_effect=\"\"><\/div>[\/vc_column][vc_column width=\u00bb2\/3&#8243;]<div class=\"ult-spacer spacer-69e17fbfe0e7d\" data-id=\"69e17fbfe0e7d\" data-height=\"139\" data-height-mobile=\"\" data-height-tab=\"100\" data-height-tab-portrait=\"\" data-height-mobile-landscape=\"40\" style=\"clear:both;display:block;\"><\/div><div id=\"ultimate-heading-417669e17fbfe0eaa\" class=\"uvc-heading ult-adjust-bottom-margin ultimate-heading-417669e17fbfe0eaa uvc-5113 \" data-hspacer=\"no_spacer\"  data-halign=\"center\" style=\"text-align:center\"><div class=\"uvc-heading-spacer no_spacer\" style=\"top\"><\/div><div class=\"uvc-main-heading ult-responsive\"  data-ultimate-target='.uvc-heading.ultimate-heading-417669e17fbfe0eaa h2'  data-responsive-json-new='{\"font-size\":\"desktop:35px;\",\"line-height\":\"\"}' ><h2 style=\"font-family:&#039;Montserrat&#039;;font-weight:700;color:#232829;margin-bottom:8px;\">\u00d3RGANO DE PARTICIPACI\u00d3N<\/h2><\/div><\/div>[vc_separator color=\u00bbcustom\u00bb border_width=\u00bb4&#8243; el_width=\u00bb10&#8243; accent_color=\u00bb#0069ab\u00bb]<div class=\"ult-spacer spacer-69e17fbfe0ee3\" data-id=\"69e17fbfe0ee3\" data-height=\"5\" data-height-mobile=\"5\" data-height-tab=\"5\" data-height-tab-portrait=\"\" data-height-mobile-landscape=\"\" style=\"clear:both;display:block;\"><\/div>[vc_single_image image=\u00bb9585&#8243; img_size=\u00bb326&#215;91&#8243; alignment=\u00bbcenter\u00bb][\/vc_column][vc_column width=\u00bb1\/6&#8243;][\/vc_column][\/vc_row][vc_row ct_row_stretch=\u00bb\u00bb][vc_column]<div class=\"ult-spacer spacer-69e17fbfe0f07\" data-id=\"69e17fbfe0f07\" data-height=\"40\" data-height-mobile=\"20\" data-height-tab=\"40\" data-height-tab-portrait=\"40\" data-height-mobile-landscape=\"20\" style=\"clear:both;display:block;\"><\/div>[\/vc_column][\/vc_row][vc_row ct_row_stretch=\u00bbstretch_row_content_no_spaces\u00bb ct_bg_color=\u00bb#f8f7f5&#8243; css=\u00bb.vc_custom_1695990143712{padding-top: 50px !important;padding-bottom: 50px !important;}\u00bb][vc_column width=\u00bb1\/4&#8243;][\/vc_column][vc_column width=\u00bb1\/2&#8243;][vc_row_inner][vc_column_inner][\/vc_column_inner][\/vc_row_inner]<div class=\"ult-spacer spacer-69e17fbfe0f2a\" data-id=\"69e17fbfe0f2a\" data-height=\"50\" data-height-mobile=\"30\" data-height-tab=\"30\" data-height-tab-portrait=\"30\" data-height-mobile-landscape=\"30\" style=\"clear:both;display:block;\"><\/div>[vc_row_inner][vc_column_inner][vc_column_text]\n<p style=\"text-align: center;\"><a href=\"https:\/\/youtu.be\/d9VqltU7RLE\" target=\"_blank\" rel=\"noopener\">V\u00eddeo Reuni\u00f3n 17-12-2025<\/a><\/p>\n<p style=\"text-align: center;\"><a href=\"https:\/\/terrasdomino.deputacionlugo.org\/wp-content\/uploads\/2026\/01\/16-ORDE-DO-DIA-RB-TM-OP-12-2025.pdf\" target=\"_blank\" rel=\"noopener\">Reuni\u00f3n \u00d3rgano de Participaci\u00f3n RB Terras do Mi\u00f1o 17-12-2025<\/a><\/p>\n<p style=\"text-align: center;\"><a href=\"https:\/\/www.youtube.com\/watch?v=0mdiPU8Ongg\">V\u00eddeo Reuni\u00f3n 21-02-2025<\/a><\/p>\n<p style=\"text-align: center;\"><a href=\"https:\/\/terrasdomino.deputacionlugo.org\/wp-content\/uploads\/2025\/04\/ORDE-DO-DIA-RB-TM-OP-2025.pdf\">Reuni\u00f3n \u00d3rgano de Participaci\u00f3n RB Terras do Mi\u00f1o 21-02-2025<\/a><\/p>\n<p style=\"text-align: center;\"><a href=\"https:\/\/youtu.be\/LgubkZ94mLY\">V\u00eddeo Reuni\u00f3n junio 2024<\/a><\/p>\n<p style=\"text-align: center;\"><a href=\"https:\/\/terrasdomino.deputacionlugo.org\/wp-content\/uploads\/2024\/06\/ORDE-DO-DIA-RB-TM-OP-2024-1.pdf\">Reuni\u00f3n \u00d3rgano Participaci\u00f3n RB Terras do Mi\u00f1o 18-06-2024<\/a><\/p>\n<p style=\"text-align: center;\"><a href=\"https:\/\/youtube.com\/live\/Al33iHKXQD8\">V\u00eddeo Reuni\u00f3n 2023<\/a><\/p>\n<p style=\"text-align: center;\"><a href=\"https:\/\/terrasdomino.deputacionlugo.org\/wp-content\/uploads\/2024\/05\/13-ORDE-DO-DIA-TM-OP-2023.pdf\">Reuni\u00f3n \u00d3rgano Participaci\u00f3n RB Terras do Mi\u00f1o 19-12-2023<\/a><\/p>\n<p style=\"text-align: center;\"><a href=\"https:\/\/youtu.be\/AOm7_nyZUq8\" target=\"_blank\" rel=\"noopener\">Video Reuni\u00f3n 2022<\/a><\/p>\n<p style=\"text-align: center;\"><a href=\"https:\/\/terrasdomino.deputacionlugo.org\/wp-content\/uploads\/2023\/08\/12-ORDE-DO-DIA-TM-OP-2022.pdf\" target=\"_blank\" rel=\"noopener\">Reuni\u00f3n \u00d3rgano Participaci\u00f3n RB Terras do Mi\u00f1o 12-12-2022<\/a><\/p>\n<p style=\"text-align: center;\"><a href=\"https:\/\/youtu.be\/a0OLtTYnIuQ\" target=\"_blank\" rel=\"noopener\">Video Reuni\u00f3n 2021<\/a><\/p>\n<p style=\"text-align: center;\"><a href=\"https:\/\/terrasdomino.deputacionlugo.org\/wp-content\/uploads\/2023\/08\/11-ORDE-DO-DIA-TM-OP-2021.pdf\">Reuni\u00f3n \u00d3rgano Participaci\u00f3n RB Terras do Mi\u00f1o 17-12-2021<\/a><\/p>\n<p style=\"text-align: center;\"><a href=\"https:\/\/youtu.be\/sa0VsmnU6Yw\" target=\"_blank\" rel=\"noopener\">Video Reuni\u00f3n 2020<\/a><\/p>\n<p style=\"text-align: center;\"><a href=\"https:\/\/terrasdomino.deputacionlugo.org\/wp-content\/uploads\/2023\/08\/10-ORDE-DO-DIA-TM-OP-2020.pdf\" target=\"_blank\" rel=\"noopener\">Reuni\u00f3n \u00d3rgano Participaci\u00f3n RB Terras do Mi\u00f1o 17-12-2020<\/a><\/p>\n<p style=\"text-align: center;\"><a href=\"https:\/\/terrasdomino.deputacionlugo.org\/wp-content\/uploads\/2023\/08\/9-ORDE-DO-DIA-TM-OP-2019.pdf\" target=\"_blank\" rel=\"noopener\">Reuni\u00f3n \u00d3rgano Participaci\u00f3n RB Terras do Mi\u00f1o 17-12-2019<\/a><\/p>\n<p style=\"text-align: center;\"><a href=\"https:\/\/terrasdomino.deputacionlugo.org\/wp-content\/uploads\/2023\/08\/8-ORDE-DO-DIA-TM-OP-2018.pdf\" target=\"_blank\" rel=\"noopener\">Reuni\u00f3n \u00d3rgano Participaci\u00f3n RB Terras do Mi\u00f1o 04-12-2018<\/a><\/p>\n<p style=\"text-align: center;\"><a href=\"https:\/\/terrasdomino.deputacionlugo.org\/wp-content\/uploads\/2023\/08\/7-ORDE-DO-DIA-TM-OP-2017.pdf\" target=\"_blank\" rel=\"noopener\">Reuni\u00f3n \u00d3rgano Participaci\u00f3n RB Terras do Mi\u00f1o 19-12-2017<\/a><\/p>\n<p style=\"text-align: center;\"><a href=\"https:\/\/terrasdomino.deputacionlugo.org\/wp-content\/uploads\/2023\/08\/6-ORDE-DO-DIA-TM-OP-2016.pdf\" target=\"_blank\" rel=\"noopener\">Reuni\u00f3n \u00d3rgano Participaci\u00f3n RB Terras do Mi\u00f1o 15-12-2016<\/a><\/p>\n<p style=\"text-align: center;\"><a href=\"https:\/\/terrasdomino.deputacionlugo.org\/wp-content\/uploads\/2023\/08\/5-ORDE-DO-DIA-TM-OP-2015.pdf\" target=\"_blank\" rel=\"noopener\">Reuni\u00f3n \u00d3rgano Participaci\u00f3n RB Terras do Mi\u00f1o 22-12-2015<\/a><\/p>\n<p style=\"text-align: center;\"><a href=\"https:\/\/terrasdomino.deputacionlugo.org\/wp-content\/uploads\/2023\/08\/4-ORDE-DO-DIA-TM-OP-07-2014.pdf\" target=\"_blank\" rel=\"noopener\">Reuni\u00f3n \u00d3rgano Participaci\u00f3n RB Terras do Mi\u00f1o 28-07-2014<\/a><\/p>\n<p style=\"text-align: center;\"><a href=\"https:\/\/terrasdomino.deputacionlugo.org\/wp-content\/uploads\/2023\/08\/3-ORDE-DO-DIA-TM-OP-12-2013.pdf\" target=\"_blank\" rel=\"noopener\">Reuni\u00f3n \u00d3rgano Participaci\u00f3n RB Terras do Mi\u00f1o 01-12-2013<\/a><\/p>\n<p style=\"text-align: center;\"><a href=\"https:\/\/terrasdomino.deputacionlugo.org\/wp-content\/uploads\/2023\/08\/2-ORDE-DO-DIA-TM-OP-07-2013.pdf\" target=\"_blank\" rel=\"noopener\">Reuni\u00f3n \u00d3rgano Participaci\u00f3n RB Terras do Mi\u00f1o 31-07-2013<\/a><\/p>\n<p style=\"text-align: center;\"><a href=\"https:\/\/terrasdomino.deputacionlugo.org\/wp-content\/uploads\/2023\/08\/1-ORDE-DO-DIA-TM-OP-2011.pdf\" target=\"_blank\" rel=\"noopener\">Reuni\u00f3n \u00d3rgano Participaci\u00f3n RB Terras do Mi\u00f1o 27-10-2011<\/a><\/p>\n[\/vc_column_text][\/vc_column_inner][\/vc_row_inner][\/vc_column][vc_column width=\u00bb1\/4&#8243;][\/vc_column][\/vc_row][vc_row ct_row_stretch=\u00bb\u00bb][vc_column]<div class=\"ult-spacer spacer-69e17fbfe0f47\" data-id=\"69e17fbfe0f47\" data-height=\"120\" data-height-mobile=\"20\" data-height-tab=\"60\" data-height-tab-portrait=\"60\" data-height-mobile-landscape=\"20\" style=\"clear:both;display:block;\"><\/div>[\/vc_column][\/vc_row][vc_row ct_row_stretch=\u00bb\u00bb equal_height=\u00bbyes\u00bb][vc_column width=\u00bb1\/6&#8243;][vc_single_image image=\u00bb10448&#8243; img_size=\u00bbfull\u00bb][\/vc_column][vc_column width=\u00bb1\/6&#8243;][vc_single_image image=\u00bb9595&#8243; img_size=\u00bbfull\u00bb][\/vc_column][vc_column width=\u00bb1\/6&#8243;][vc_single_image image=\u00bb10452&#8243; img_size=\u00bbfull\u00bb][\/vc_column][vc_column width=\u00bb1\/6&#8243;][vc_single_image image=\u00bb10458&#8243; img_size=\u00bbfull\u00bb][\/vc_column][vc_column width=\u00bb1\/6&#8243;][vc_single_image image=\u00bb10462&#8243; img_size=\u00bbfull\u00bb][\/vc_column][vc_column width=\u00bb1\/6&#8243;][vc_single_image image=\u00bb14043&#8243; img_size=\u00bbfull\u00bb][\/vc_column][\/vc_row][vc_row ct_row_stretch=\u00bb\u00bb][vc_column]<div class=\"ult-spacer spacer-69e17fbfe0f6c\" data-id=\"69e17fbfe0f6c\" data-height=\"60\" data-height-mobile=\"20\" data-height-tab=\"40\" data-height-tab-portrait=\"40\" data-height-mobile-landscape=\"20\" style=\"clear:both;display:block;\"><\/div>[\/vc_column][\/vc_row][vc_row ct_row_stretch=\u00bb\u00bb][vc_column][vc_column_text]\n<p style=\"text-align: center;\"><em><span style=\"font-size: 10.0pt; font-family: 'Verdana','sans-serif';\">Este trabajo fue financiado \u00edntegramente por los fondos Next Generation de la Uni\u00f3n Europea a trav\u00e9s de la subvenci\u00f3n convocada por la Xunta de Galicia \u201cAyudas para actuaciones por parte de los \u00f3rganos de gesti\u00f3n de las reservas de la biosfera de Galicia con cargo al Plan de Recuperaci\u00f3n, Transformaci\u00f3n y Resiliencia, financiado por la Uni\u00f3n Europea-NextGenerationEU, para los a\u00f1os 2022 y 2023\u201d. Con todo, los puntos de vista y las opiniones expresadas son \u00fanicamente los del autor o autores y no reflejan necesariamente los de la Uni\u00f3n Europea o la Comisi\u00f3n Europea. Ni la Uni\u00f3n Europea ni la Comisi\u00f3n Europea son responsables de ellas.<\/span><\/em><\/p>\n<p style=\"text-align: center;\"><em>\u00a0<\/em><\/p>\n[\/vc_column_text][\/vc_column][\/vc_row][vc_row ct_row_stretch=\u00bb\u00bb][vc_column]<div class=\"ult-spacer spacer-69e17fbfe0f87\" data-id=\"69e17fbfe0f87\" data-height=\"60\" data-height-mobile=\"20\" data-height-tab=\"40\" data-height-tab-portrait=\"40\" data-height-mobile-landscape=\"20\" style=\"clear:both;display:block;\"><\/div>[\/vc_column][\/vc_row]\n","protected":false},"excerpt":{"rendered":"<p>[vc_row ct_row_stretch=\u00bbstretch_row\u00bb content_placement=\u00bbmiddle\u00bb ct_bg_image=\u00bb9215&#8243; ct_bg_color_overlay=\u00bbrgba(0,0,0,0.6)\u00bb ct_bg_repeat=\u00bbno-repeat\u00bb ct_bg_size=\u00bbcover\u00bb][vc_column][\/vc_column][\/vc_row][vc_row ct_row_stretch=\u00bbstretch_row\u00bb][vc_column width=\u00bb1\/6&#8243;][\/vc_column][vc_column width=\u00bb2\/3&#8243;][vc_separator color=\u00bbcustom\u00bb border_width=\u00bb4&#8243; el_width=\u00bb10&#8243; accent_color=\u00bb#0069ab\u00bb][vc_single_image image=\u00bb9585&#8243; img_size=\u00bb326&#215;91&#8243; alignment=\u00bbcenter\u00bb][\/vc_column][vc_column width=\u00bb1\/6&#8243;][\/vc_column][\/vc_row][vc_row ct_row_stretch=\u00bb\u00bb][vc_column][\/vc_column][\/vc_row][vc_row ct_row_stretch=\u00bbstretch_row_content_no_spaces\u00bb ct_bg_color=\u00bb#f8f7f5&#8243; css=\u00bb.vc_custom_1695990143712{padding-top: 50px !important;padding-bottom: 50px !important;}\u00bb][vc_column width=\u00bb1\/4&#8243;][\/vc_column][vc_column width=\u00bb1\/2&#8243;][vc_row_inner][vc_column_inner][\/vc_column_inner][\/vc_row_inner][vc_row_inner][vc_column_inner][vc_column_text] V\u00eddeo Reuni\u00f3n 17-12-2025 Reuni\u00f3n \u00d3rgano de Participaci\u00f3n RB Terras do Mi\u00f1o 17-12-2025 V\u00eddeo Reuni\u00f3n 21-02-2025 Reuni\u00f3n \u00d3rgano de Participaci\u00f3n RB Terras do Mi\u00f1o 21-02-2025 V\u00eddeo Reuni\u00f3n junio &#8230;<\/p>\n","protected":false},"author":2,"featured_media":0,"parent":0,"menu_order":0,"comment_status":"closed","ping_status":"closed","template":"","meta":{"_eb_attr":"","footnotes":""},"class_list":["post-11763","page","type-page","status-publish","hentry"],"_links":{"self":[{"href":"https:\/\/terrasdomino.deputacionlugo.org\/es\/wp-json\/wp\/v2\/pages\/11763","targetHints":{"allow":["GET"]}}],"collection":[{"href":"https:\/\/terrasdomino.deputacionlugo.org\/es\/wp-json\/wp\/v2\/pages"}],"about":[{"href":"https:\/\/terrasdomino.deputacionlugo.org\/es\/wp-json\/wp\/v2\/types\/page"}],"author":[{"embeddable":true,"href":"https:\/\/terrasdomino.deputacionlugo.org\/es\/wp-json\/wp\/v2\/users\/2"}],"replies":[{"embeddable":true,"href":"https:\/\/terrasdomino.deputacionlugo.org\/es\/wp-json\/wp\/v2\/comments?post=11763"}],"version-history":[{"count":3,"href":"https:\/\/terrasdomino.deputacionlugo.org\/es\/wp-json\/wp\/v2\/pages\/11763\/revisions"}],"predecessor-version":[{"id":14072,"href":"https:\/\/terrasdomino.deputacionlugo.org\/es\/wp-json\/wp\/v2\/pages\/11763\/revisions\/14072"}],"wp:attachment":[{"href":"https:\/\/terrasdomino.deputacionlugo.org\/es\/wp-json\/wp\/v2\/media?parent=11763"}],"curies":[{"name":"wp","href":"https:\/\/api.w.org\/{rel}","templated":true}]}}