{"id":11780,"date":"2023-09-20T12:32:15","date_gmt":"2023-09-20T12:32:15","guid":{"rendered":"https:\/\/terrasdomino.deputacionlugo.org\/memorias-anuais-de-actuacion\/"},"modified":"2026-04-14T08:38:20","modified_gmt":"2026-04-14T08:38:20","slug":"memorias-anuais-de-actuacion","status":"publish","type":"page","link":"https:\/\/terrasdomino.deputacionlugo.org\/es\/memorias-anuais-de-actuacion\/","title":{"rendered":"memorias anuales de actuacion"},"content":{"rendered":"[vc_row ct_row_stretch=\u00bbstretch_row\u00bb content_placement=\u00bbmiddle\u00bb ct_bg_image=\u00bb9215&#8243; ct_bg_repeat=\u00bbno-repeat\u00bb ct_bg_size=\u00bbcover\u00bb][vc_column]<div class=\"ult-spacer spacer-69e8aabb01eb5\" data-id=\"69e8aabb01eb5\" data-height=\"49\" data-height-mobile=\"\" data-height-tab=\"20\" data-height-tab-portrait=\"\" data-height-mobile-landscape=\"15\" style=\"clear:both;display:block;\"><\/div><div id=\"ultimate-heading-427769e8aabb01f19\" class=\"uvc-heading ult-adjust-bottom-margin ultimate-heading-427769e8aabb01f19 uvc-8362 \" data-hspacer=\"no_spacer\"  data-halign=\"center\" style=\"text-align:center\"><div class=\"uvc-heading-spacer no_spacer\" style=\"top\"><\/div><div class=\"uvc-main-heading ult-responsive\"  data-ultimate-target='.uvc-heading.ultimate-heading-427769e8aabb01f19 h1'  data-responsive-json-new='{\"font-size\":\"desktop:115px;tablet:45px;tablet_portrait:40px;mobile_landscape:30px;mobile:30px;\",\"line-height\":\"\"}' ><h1 style=\"font-weight:bold;color:#ffffff;\">TERRAS DO MI\u00d1O<\/h1><\/div><\/div><div id=\"ultimate-heading-564969e8aabb01f58\" class=\"uvc-heading ult-adjust-bottom-margin ultimate-heading-564969e8aabb01f58 uvc-6110 \" data-hspacer=\"no_spacer\"  data-halign=\"center\" style=\"text-align:center\"><div class=\"uvc-heading-spacer no_spacer\" style=\"top\"><\/div><div class=\"uvc-sub-heading ult-responsive\"  data-ultimate-target='.uvc-heading.ultimate-heading-564969e8aabb01f58 .uvc-sub-heading '  data-responsive-json-new='{\"font-size\":\"desktop:35px;tablet:45px;tablet_portrait:45px;mobile_landscape:15px;mobile:15px;\",\"line-height\":\"desktop:38px;tablet:38px;tablet_portrait:38px;mobile_landscape:30px;mobile:30px;\"}'  style=\"font-family:&#039;Open Sans&#039;;font-weight:600;color:#ffffff;\">\n<p style=\"text-align: center;\">RESERVA DE LA BIOSFERA<\/p>\n<\/div><\/div><div class=\"ult-spacer spacer-69e8aabb01f94\" data-id=\"69e8aabb01f94\" data-height=\"110\" data-height-mobile=\"55\" data-height-tab=\"\" data-height-tab-portrait=\"\" data-height-mobile-landscape=\"55\" style=\"clear:both;display:block;\"><\/div>[\/vc_column][\/vc_row][vc_row ct_row_stretch=\u00bbstretch_row\u00bb][vc_column width=\u00bb1\/6&#8243;]<div class=\"ult-animation  ult-animate-viewport  ult-no-mobile \" data-animate=\"fadeInUp\" data-animation-delay=\"0\" data-animation-duration=\"1\" data-animation-iteration=\"1\" style=\"opacity:0;\" data-opacity_start_effect=\"\"><\/div>[\/vc_column][vc_column width=\u00bb2\/3&#8243;]<div class=\"ult-spacer spacer-69e8aabb01fdb\" data-id=\"69e8aabb01fdb\" data-height=\"139\" data-height-mobile=\"\" data-height-tab=\"100\" data-height-tab-portrait=\"\" data-height-mobile-landscape=\"40\" style=\"clear:both;display:block;\"><\/div><div id=\"ultimate-heading-879569e8aabb02001\" class=\"uvc-heading ult-adjust-bottom-margin ultimate-heading-879569e8aabb02001 uvc-5321 \" data-hspacer=\"no_spacer\"  data-halign=\"center\" style=\"text-align:center\"><div class=\"uvc-heading-spacer no_spacer\" style=\"top\"><\/div><div class=\"uvc-main-heading ult-responsive\"  data-ultimate-target='.uvc-heading.ultimate-heading-879569e8aabb02001 h2'  data-responsive-json-new='{\"font-size\":\"desktop:35px;\",\"line-height\":\"\"}' ><h2 style=\"font-family:&#039;Montserrat&#039;;font-weight:700;color:#232829;margin-bottom:8px;\">MEMORIAS ANUALES DE ACTUACIONES<\/h2><\/div><\/div>[vc_separator color=\u00bbcustom\u00bb border_width=\u00bb4&#8243; el_width=\u00bb10&#8243; accent_color=\u00bb#0069ab\u00bb]<div class=\"ult-spacer spacer-69e8aabb02030\" data-id=\"69e8aabb02030\" data-height=\"5\" data-height-mobile=\"5\" data-height-tab=\"5\" data-height-tab-portrait=\"\" data-height-mobile-landscape=\"\" style=\"clear:both;display:block;\"><\/div>[vc_single_image image=\u00bb9585&#8243; img_size=\u00bb326&#215;91&#8243; alignment=\u00bbcenter\u00bb][\/vc_column][vc_column width=\u00bb1\/6&#8243;][\/vc_column][\/vc_row][vc_row ct_row_stretch=\u00bb\u00bb][vc_column]<div class=\"ult-spacer spacer-69e8aabb0204e\" data-id=\"69e8aabb0204e\" data-height=\"40\" data-height-mobile=\"20\" data-height-tab=\"40\" data-height-tab-portrait=\"40\" data-height-mobile-landscape=\"20\" style=\"clear:both;display:block;\"><\/div>[\/vc_column][\/vc_row][vc_row ct_row_stretch=\u00bbstretch_row_content_no_spaces\u00bb ct_bg_color=\u00bb#f8f7f5&#8243; css=\u00bb.vc_custom_1695991274825{padding-top: 50px !important;padding-bottom: 50px !important;}\u00bb][vc_column width=\u00bb1\/4&#8243;][\/vc_column][vc_column width=\u00bb1\/2&#8243;][vc_row_inner][vc_column_inner][\/vc_column_inner][\/vc_row_inner]<div class=\"ult-spacer spacer-69e8aabb0206a\" data-id=\"69e8aabb0206a\" data-height=\"50\" data-height-mobile=\"30\" data-height-tab=\"30\" data-height-tab-portrait=\"30\" data-height-mobile-landscape=\"30\" style=\"clear:both;display:block;\"><\/div>[vc_row_inner][vc_column_inner][vc_column_text]\n<p style=\"text-align: center;\"><a href=\"https:\/\/terrasdomino.deputacionlugo.org\/wp-content\/uploads\/2025\/04\/memoria-anual-RB-TERRAS-DO-MINO-2024.pdf\">Memoria anual 2024 RB Terras do Mi\u00f1o<\/a><\/p>\n<p style=\"text-align: center;\"><a href=\"https:\/\/terrasdomino.deputacionlugo.org\/wp-content\/uploads\/2024\/05\/memoria-anual-RB-TERRAS-DO-MINO-2023.pdf\">Memoria anual 2023 RB Terras do Mi\u00f1o<\/a><\/p>\n<p style=\"text-align: center;\"><a href=\"https:\/\/terrasdomino.deputacionlugo.org\/wp-content\/uploads\/2023\/09\/memoria-anual-RB-TERRAS-DO-MINO-2022.pdf\" target=\"_blank\" rel=\"noopener\">Memoria anual 2022 RB Terras do Mi\u00f1o<\/a><\/p>\n<p style=\"text-align: center;\"><a href=\"https:\/\/terrasdomino.deputacionlugo.org\/wp-content\/uploads\/2023\/09\/memoria-anual-RB-TERRAS-DO-MINO-2021.pdf\" target=\"_blank\" rel=\"noopener\">Memoria anual 2021 RB Terras do Mi\u00f1o<\/a><\/p>\n<p style=\"text-align: center;\"><a href=\"https:\/\/terrasdomino.deputacionlugo.org\/wp-content\/uploads\/2023\/09\/memoria-anual-RB-TERRAS-DO-MINO-2020.pdf\" target=\"_blank\" rel=\"noopener\">Memoria anual 2020 RB Terras do Mi\u00f1o<\/a><\/p>\n<p style=\"text-align: center;\"><a href=\"https:\/\/terrasdomino.deputacionlugo.org\/wp-content\/uploads\/2023\/09\/memoria-anual-RB-TERRAS-DO-MINO-2019.pdf\" target=\"_blank\" rel=\"noopener\">Memoria anual 2019 RB Terras do Mi\u00f1o<\/a><\/p>\n<p style=\"text-align: center;\"><a href=\"https:\/\/terrasdomino.deputacionlugo.org\/wp-content\/uploads\/2023\/09\/memoria-anual-RB-TERRAS-DO-MINO-2018.pdf\" target=\"_blank\" rel=\"noopener\">Memoria anual 2018 RB Terras do Mi\u00f1o<\/a><\/p>\n<p style=\"text-align: center;\"><a href=\"https:\/\/terrasdomino.deputacionlugo.org\/wp-content\/uploads\/2023\/09\/memoria-anual-RB-TERRAS-DO-MINO-2017.pdf\" target=\"_blank\" rel=\"noopener\">Memoria anual 2017 RB Terras do Mi\u00f1o<\/a><\/p>\n<p style=\"text-align: center;\"><a href=\"https:\/\/terrasdomino.deputacionlugo.org\/wp-content\/uploads\/2023\/09\/memoria-anual-RB-TERRAS-DO-MINO-2016.pdf\" target=\"_blank\" rel=\"noopener\">Memoria anual 2016 RB Terras do Mi\u00f1o<\/a><\/p>\n<p style=\"text-align: center;\"><a href=\"https:\/\/terrasdomino.deputacionlugo.org\/wp-content\/uploads\/2023\/09\/memoria-anual-RB-TERRAS-DO-MINO-2015.pdf\" target=\"_blank\" rel=\"noopener\">Memoria anual 2015 RB Terras do Mi\u00f1o<\/a><\/p>\n<p style=\"text-align: center;\"><a href=\"https:\/\/terrasdomino.deputacionlugo.org\/wp-content\/uploads\/2023\/09\/memoria-anual-RB-TERRAS-DO-MINO-2014.pdf\" target=\"_blank\" rel=\"noopener\">Memoria anual 2014 RB Terras do Mi\u00f1o<\/a><\/p>\n<p style=\"text-align: center;\"><a href=\"https:\/\/terrasdomino.deputacionlugo.org\/wp-content\/uploads\/2023\/09\/memoria-anual-RB-TERRAS-DO-MINO-2013.pdf\" target=\"_blank\" rel=\"noopener\">Memoria anual 2013 RB Terras do Mi\u00f1o<\/a><\/p>\n<p style=\"text-align: center;\"><a href=\"https:\/\/terrasdomino.deputacionlugo.org\/wp-content\/uploads\/2024\/05\/memoria-anual-RB-TERRAS-DO-MINO-2012.pdf\" target=\"_blank\" rel=\"noopener\">Memoria anual 2012 RB Terras do Mi\u00f1o<\/a><\/p>\n[\/vc_column_text][\/vc_column_inner][\/vc_row_inner][\/vc_column][vc_column width=\u00bb1\/4&#8243;][\/vc_column][\/vc_row][vc_row ct_row_stretch=\u00bb\u00bb][vc_column]<div class=\"ult-spacer spacer-69e8aabb02084\" data-id=\"69e8aabb02084\" data-height=\"120\" data-height-mobile=\"20\" data-height-tab=\"60\" data-height-tab-portrait=\"60\" data-height-mobile-landscape=\"20\" style=\"clear:both;display:block;\"><\/div>[\/vc_column][\/vc_row][vc_row ct_row_stretch=\u00bb\u00bb equal_height=\u00bbyes\u00bb][vc_column width=\u00bb1\/6&#8243;][vc_single_image image=\u00bb10448&#8243; img_size=\u00bbfull\u00bb][\/vc_column][vc_column width=\u00bb1\/6&#8243;][vc_single_image image=\u00bb9595&#8243; img_size=\u00bbfull\u00bb][\/vc_column][vc_column width=\u00bb1\/6&#8243;][vc_single_image image=\u00bb10452&#8243; img_size=\u00bbfull\u00bb][\/vc_column][vc_column width=\u00bb1\/6&#8243;][vc_single_image image=\u00bb10458&#8243; img_size=\u00bbfull\u00bb][\/vc_column][vc_column width=\u00bb1\/6&#8243;][vc_single_image image=\u00bb10462&#8243; img_size=\u00bbfull\u00bb][\/vc_column][vc_column width=\u00bb1\/6&#8243;][vc_single_image image=\u00bb14043&#8243; img_size=\u00bbfull\u00bb][\/vc_column][\/vc_row][vc_row ct_row_stretch=\u00bb\u00bb][vc_column]<div class=\"ult-spacer spacer-69e8aabb0209c\" data-id=\"69e8aabb0209c\" data-height=\"60\" data-height-mobile=\"20\" data-height-tab=\"40\" data-height-tab-portrait=\"40\" data-height-mobile-landscape=\"20\" style=\"clear:both;display:block;\"><\/div>[\/vc_column][\/vc_row][vc_row ct_row_stretch=\u00bb\u00bb][vc_column][vc_column_text]\n<p style=\"text-align: center;\"><em><span style=\"font-size: 10.0pt; font-family: 'Verdana','sans-serif';\">Este trabajo fue financiado \u00edntegramente por los fondos Next Generation de la Uni\u00f3n Europea a trav\u00e9s de la subvenci\u00f3n convocada por la Xunta de Galicia \u201cAyudas para actuaciones por parte de los \u00f3rganos de gesti\u00f3n de las reservas de la biosfera de Galicia con cargo al Plan de Recuperaci\u00f3n, Transformaci\u00f3n y Resiliencia, financiado por la Uni\u00f3n Europea-NextGenerationEU, para los a\u00f1os 2022 y 2023\u201d. Con todo, los puntos de vista y las opiniones expresadas son \u00fanicamente los del autor o autores y no reflejan necesariamente los de la Uni\u00f3n Europea o la Comisi\u00f3n Europea. Ni la Uni\u00f3n Europea ni la Comisi\u00f3n Europea son responsables de ellas.<\/span><\/em><\/p>\n[\/vc_column_text][\/vc_column][\/vc_row][vc_row ct_row_stretch=\u00bb\u00bb][vc_column]<div class=\"ult-spacer spacer-69e8aabb020b3\" data-id=\"69e8aabb020b3\" data-height=\"60\" data-height-mobile=\"20\" data-height-tab=\"40\" data-height-tab-portrait=\"40\" data-height-mobile-landscape=\"20\" style=\"clear:both;display:block;\"><\/div>[\/vc_column][\/vc_row]\n","protected":false},"excerpt":{"rendered":"<p>[vc_row ct_row_stretch=\u00bbstretch_row\u00bb content_placement=\u00bbmiddle\u00bb ct_bg_image=\u00bb9215&#8243; ct_bg_repeat=\u00bbno-repeat\u00bb ct_bg_size=\u00bbcover\u00bb][vc_column][\/vc_column][\/vc_row][vc_row ct_row_stretch=\u00bbstretch_row\u00bb][vc_column width=\u00bb1\/6&#8243;][\/vc_column][vc_column width=\u00bb2\/3&#8243;][vc_separator color=\u00bbcustom\u00bb border_width=\u00bb4&#8243; el_width=\u00bb10&#8243; accent_color=\u00bb#0069ab\u00bb][vc_single_image image=\u00bb9585&#8243; img_size=\u00bb326&#215;91&#8243; alignment=\u00bbcenter\u00bb][\/vc_column][vc_column width=\u00bb1\/6&#8243;][\/vc_column][\/vc_row][vc_row ct_row_stretch=\u00bb\u00bb][vc_column][\/vc_column][\/vc_row][vc_row ct_row_stretch=\u00bbstretch_row_content_no_spaces\u00bb ct_bg_color=\u00bb#f8f7f5&#8243; css=\u00bb.vc_custom_1695991274825{padding-top: 50px !important;padding-bottom: 50px !important;}\u00bb][vc_column width=\u00bb1\/4&#8243;][\/vc_column][vc_column width=\u00bb1\/2&#8243;][vc_row_inner][vc_column_inner][\/vc_column_inner][\/vc_row_inner][vc_row_inner][vc_column_inner][vc_column_text] Memoria anual 2024 RB Terras do Mi\u00f1o Memoria anual 2023 RB Terras do Mi\u00f1o Memoria anual 2022 RB Terras do Mi\u00f1o Memoria anual 2021 RB Terras do Mi\u00f1o &#8230;<\/p>\n","protected":false},"author":2,"featured_media":0,"parent":0,"menu_order":0,"comment_status":"closed","ping_status":"closed","template":"","meta":{"_eb_attr":"","footnotes":""},"class_list":["post-11780","page","type-page","status-publish","hentry"],"_links":{"self":[{"href":"https:\/\/terrasdomino.deputacionlugo.org\/es\/wp-json\/wp\/v2\/pages\/11780","targetHints":{"allow":["GET"]}}],"collection":[{"href":"https:\/\/terrasdomino.deputacionlugo.org\/es\/wp-json\/wp\/v2\/pages"}],"about":[{"href":"https:\/\/terrasdomino.deputacionlugo.org\/es\/wp-json\/wp\/v2\/types\/page"}],"author":[{"embeddable":true,"href":"https:\/\/terrasdomino.deputacionlugo.org\/es\/wp-json\/wp\/v2\/users\/2"}],"replies":[{"embeddable":true,"href":"https:\/\/terrasdomino.deputacionlugo.org\/es\/wp-json\/wp\/v2\/comments?post=11780"}],"version-history":[{"count":4,"href":"https:\/\/terrasdomino.deputacionlugo.org\/es\/wp-json\/wp\/v2\/pages\/11780\/revisions"}],"predecessor-version":[{"id":14067,"href":"https:\/\/terrasdomino.deputacionlugo.org\/es\/wp-json\/wp\/v2\/pages\/11780\/revisions\/14067"}],"wp:attachment":[{"href":"https:\/\/terrasdomino.deputacionlugo.org\/es\/wp-json\/wp\/v2\/media?parent=11780"}],"curies":[{"name":"wp","href":"https:\/\/api.w.org\/{rel}","templated":true}]}}