{"id":12137,"date":"2023-05-24T07:15:37","date_gmt":"2023-05-24T07:15:37","guid":{"rendered":"https:\/\/terrasdomino.deputacionlugo.org\/politica-privacidad\/"},"modified":"2023-09-25T16:14:32","modified_gmt":"2023-09-25T16:14:32","slug":"politica-privacidad","status":"publish","type":"page","link":"https:\/\/terrasdomino.deputacionlugo.org\/es\/politica-privacidad\/","title":{"rendered":"Pol\u00edtica de privacidad"},"content":{"rendered":"\r\n<h2 class=\"wp-block-heading\">Pol\u00edtica de privacidad<\/h2>\r\n\r\n<p class=\"text-align-justify\">A trav\u00e9s deste sitio web non se solicitan datos de car\u00e1cter persoal dos usuarios sen o seu co\u00f1ecemento, nin se ceden a terceiros.<br \/>Coa finalidade de ofrecerlle o mellor servizo e co obxecto de facilitar o uso, anal\u00edzanse o n\u00famero de p\u00e1xinas visitadas, o n\u00famero de visitas, as\u00ed como a actividade dos visitantes e a s\u00faa frecuencia de utilizaci\u00f3n. A estes efectos, a Deputaci\u00f3n de Lugo utiliza a informaci\u00f3n estat\u00edstica xerada polos sistemas de informaci\u00f3n.<\/p>\r\n<p class=\"text-align-justify\">A Deputaci\u00f3n de Lugo non utiliza cookies para recoller informaci\u00f3n dos usuarios, nin rexistra as direcci\u00f3ns IP de acceso. Unicamente util\u00edzanse cookies propias,\u00a0 de sesi\u00f3n, con finalidade t\u00e9cnica (aquelas que permiten ao usuario a navegaci\u00f3n a trav\u00e9s do sitio web e a utilizaci\u00f3n das diferentes opci\u00f3ns e servizos que nela existen).<\/p>\r\n<p class=\"text-align-justify\">O portal do que \u00e9 titular a Deputaci\u00f3n de Lugo cont\u00e9n ligaz\u00f3ns a sitios web de terceiros, cuxas pol\u00edticas de privacidade son alleas \u00e1 da Deputaci\u00f3n de Lugo. Ao acceder a tales sitios web vostede pode decidir se acepta as s\u00faas pol\u00edticas de privacidade e de cookies. Con car\u00e1cter xeral, se navega por internet vostede pode aceptar ou rexeitar as cookies de terceiros desde as opci\u00f3ns de configuraci\u00f3n do seu navegador.<\/p>\r\n<p class=\"text-align-justify\"><u><strong>Informaci\u00f3n b\u00e1sica sobre protecci\u00f3n de datos<\/strong><\/u><br \/>A continuaci\u00f3n inform\u00e1moslle sobre a pol\u00edtica de protecci\u00f3n de datos da Deputaci\u00f3n de Lugo.<\/p>\r\n<p class=\"text-align-justify\"><strong>Responsable do tratamento<\/strong><br \/>Os datos de car\u00e1cter persoal que se puidesen solicitar directamente do interesado ser\u00e1n tratados de forma confidencial e quedar\u00e1n incorporados \u00e1 correspondente actividade de tratamento titularidade de\u00a0 a Deputaci\u00f3n de Lugo.<\/p>\r\n<p class=\"text-align-justify\"><strong>Finalidade<\/strong><br \/>A finalidade do tratamento dos datos corresponde a cada unha das actividades de tratamento que realiza a Deputaci\u00f3n de Lugo e especif\u00edcase en cada un dos formularios de recollida de informaci\u00f3n.<\/p>\r\n<p class=\"text-align-justify\"><strong>Lexitimaci\u00f3n<\/strong><br \/>O tratamento dos seus datos real\u00edzase para o cumprimento de obrigaci\u00f3ns legais por parte da Deputaci\u00f3n de Lugo, para o cumprimento de misi\u00f3ns realizada en interese p\u00fablico ou no exercicio de poderes p\u00fablicos conferidos \u00e1 Deputaci\u00f3n de Lugo, as\u00ed como cando a finalidade do tratamento requira o seu consentimento, que haber\u00e1 de ser prestado mediante unha clara acci\u00f3n afirmativa.<br \/>Nos formularios de recollida de datos concr\u00e9tase, en cada caso, a base de lexitimaci\u00f3n.<\/p>\r\n<p class=\"text-align-justify\"><strong>Conservaci\u00f3n de datos<\/strong><br \/>Os datos persoais proporcionados conservaranse durante o tempo necesario para cumprir coa finalidade para a que se solicitan e para determinar as posibles responsabilidades que se puidesen derivar da finalidade, ademais dos per\u00edodos establecidos na normativa de arquivos e documentaci\u00f3n.<\/p>\r\n<p class=\"text-align-justify\"><strong>Comunicaci\u00f3n de datos<\/strong><br \/>Con car\u00e1cter xeral non se comunicar\u00e1n os datos persoais a terceiros, salvo obrigaci\u00f3n legal ou interese lex\u00edtimo do solicitante.<br \/>Nos formularios de recollida de datos concr\u00e9tanse, en cada caso, as posibles comunicaci\u00f3ns que poidan realizarse.<\/p>\r\n<p class=\"text-align-justify\"><strong>Dereitos dos interesados<\/strong><br \/>Calquera persoa ten dereito a obter confirmaci\u00f3n sobre os tratamentos que dos seus datos que levan a cabo pola Deputaci\u00f3n de Lugo.<br \/>Pode exercer os seus dereitos de acceso, rectificaci\u00f3n, supresi\u00f3n e portabilidad dos seus datos, de limitaci\u00f3n e oposici\u00f3n ao seu tratamento, as\u00ed como a non ser obxecto de decisi\u00f3ns baseadas unicamente no tratamento automatizado dos seus datos, cando procedan, ante a Deputaci\u00f3n de Lugo, R\u00faa San Marcos, 8, 27001 Lugo ou na direcci\u00f3n de correo protecciondatos@deputacionlugo.org.<\/p>","protected":false},"excerpt":{"rendered":"<p>Pol\u00edtica de privacidad A trav\u00e9s deste sitio web non se solicitan datos de car\u00e1cter persoal dos usuarios sen o seu co\u00f1ecemento, nin se ceden a terceiros.Coa finalidade de ofrecerlle o mellor servizo e co obxecto de facilitar o uso, anal\u00edzanse o n\u00famero de p\u00e1xinas visitadas, o n\u00famero de visitas, as\u00ed como a actividade dos visitantes &#8230;<\/p>\n","protected":false},"author":2,"featured_media":0,"parent":0,"menu_order":0,"comment_status":"closed","ping_status":"open","template":"","meta":{"_eb_attr":"","footnotes":""},"class_list":["post-12137","page","type-page","status-publish","hentry"],"_links":{"self":[{"href":"https:\/\/terrasdomino.deputacionlugo.org\/es\/wp-json\/wp\/v2\/pages\/12137","targetHints":{"allow":["GET"]}}],"collection":[{"href":"https:\/\/terrasdomino.deputacionlugo.org\/es\/wp-json\/wp\/v2\/pages"}],"about":[{"href":"https:\/\/terrasdomino.deputacionlugo.org\/es\/wp-json\/wp\/v2\/types\/page"}],"author":[{"embeddable":true,"href":"https:\/\/terrasdomino.deputacionlugo.org\/es\/wp-json\/wp\/v2\/users\/2"}],"replies":[{"embeddable":true,"href":"https:\/\/terrasdomino.deputacionlugo.org\/es\/wp-json\/wp\/v2\/comments?post=12137"}],"version-history":[{"count":1,"href":"https:\/\/terrasdomino.deputacionlugo.org\/es\/wp-json\/wp\/v2\/pages\/12137\/revisions"}],"predecessor-version":[{"id":12138,"href":"https:\/\/terrasdomino.deputacionlugo.org\/es\/wp-json\/wp\/v2\/pages\/12137\/revisions\/12138"}],"wp:attachment":[{"href":"https:\/\/terrasdomino.deputacionlugo.org\/es\/wp-json\/wp\/v2\/media?parent=12137"}],"curies":[{"name":"wp","href":"https:\/\/api.w.org\/{rel}","templated":true}]}}